{"id":82777,"date":"2022-07-18T17:31:27","date_gmt":"2022-07-18T15:31:27","guid":{"rendered":"https:\/\/www.sucitesa.com\/politica-de-cookies\/"},"modified":"2022-08-04T10:04:44","modified_gmt":"2022-08-04T08:04:44","slug":"politica-de-cookies","status":"publish","type":"page","link":"https:\/\/www.sucitesa.com\/pt-pt\/politica-de-cookies\/","title":{"rendered":"Pol\u00edtica de Cookies"},"content":{"rendered":"\n<h2 class=\"has-regular-font-size wp-block-heading\">O que s\u00e3o cookies?<\/h2>\n\n<p>Cookie \u00e9 um arquivo baixado para o seu computador quando voc\u00ea acessa certas p\u00e1ginas da web. Os cookies permitem que uma p\u00e1gina web, entre outras coisas, armazene e recupere informa\u00e7\u00f5es sobre os h\u00e1bitos de navega\u00e7\u00e3o de um usu\u00e1rio ou de seu equipamento e, dependendo das informa\u00e7\u00f5es que contenham e da forma como utiliza seu equipamento, podem ser usados \u200b\u200bpara reconhec\u00ea-los ao usu\u00e1rio. O navegador do usu\u00e1rio memoriza os cookies no disco r\u00edgido apenas durante a sess\u00e3o atual, ocupando um espa\u00e7o m\u00ednimo de mem\u00f3ria e n\u00e3o prejudicando o computador. Os cookies n\u00e3o cont\u00eam nenhum tipo de informa\u00e7\u00e3o pessoal espec\u00edfica e a maioria deles \u00e9 exclu\u00edda do disco r\u00edgido ao final da sess\u00e3o do navegador (os chamados cookies de sess\u00e3o).<\/p>\n\n<p>A maioria dos navegadores aceita cookies como padr\u00e3o e, independentemente deles, permite ou impede cookies tempor\u00e1rios ou memorizados nas configura\u00e7\u00f5es de seguran\u00e7a.<\/p>\n\n<p>Sem o seu consentimento expresso \u2013 ao ativar cookies em seu navegador \u2013 esta p\u00e1gina n\u00e3o vincular\u00e1 nos cookies os dados armazenados com seus dados pessoais fornecidos no momento do registro ou da compra.<\/p>\n\n<h2 class=\"has-regular-font-size wp-block-heading\">Que tipos de cookies este site usa?<\/h2>\n\n<ul class=\"wp-block-list\"><li>Cookies t\u00e9cnicos: s\u00e3o aqueles que permitem ao usu\u00e1rio navegar por uma p\u00e1gina web, plataforma ou aplicativo e utilizar as diferentes op\u00e7\u00f5es ou servi\u00e7os neles existentes, como, por exemplo, controle de tr\u00e1fego e comunica\u00e7\u00e3o de dados, identificar a sess\u00e3o, acessar partes de acesso restrito, lembrar os elementos que comp\u00f5em um pedido, realizar o processo de compra de um pedido, fazer a solicita\u00e7\u00e3o de inscri\u00e7\u00e3o ou participa\u00e7\u00e3o em um evento, utilizar elementos de seguran\u00e7a na navega\u00e7\u00e3o, armazenar conte\u00fado para veicular v\u00eddeos ou som ou compartilhe conte\u00fado por meio de redes sociais.<\/li><li>Cookies de personaliza\u00e7\u00e3o: s\u00e3o aqueles que permitem ao usu\u00e1rio acessar o servi\u00e7o com algumas caracter\u00edsticas gerais predefinidas com base em uma s\u00e9rie de crit\u00e9rios no terminal do usu\u00e1rio, como o idioma, o tipo de navegador pelo qual acessa o servi\u00e7o, o regional configura\u00e7\u00e3o de onde voc\u00ea acessa o servi\u00e7o, etc.<\/li><li>Cookies de an\u00e1lise: s\u00e3o aqueles que s\u00e3o bem tratados por n\u00f3s ou por terceiros, permitem-nos quantificar o n\u00famero de utilizadores e assim efectuar a medi\u00e7\u00e3o e an\u00e1lise estat\u00edstica da utiliza\u00e7\u00e3o que os utilizadores fazem do servi\u00e7o oferecido. Para isso, analisa-se a sua navega\u00e7\u00e3o no nosso site, de forma a melhorar a oferta dos produtos ou servi\u00e7os que lhe oferecemos.<\/li><li>Cookies publicit\u00e1rios: S\u00e3o aqueles que, processados por n\u00f3s ou por terceiros, nos permitem gerir o mais eficazmente poss\u00edvel o fornecimento de espa\u00e7os publicit\u00e1rios no website, adaptando o conte\u00fado da publicidade ao conte\u00fado do servi\u00e7o solicitado ou \u00e0 utiliza\u00e7\u00e3o que faz do nosso website. Para tal, podemos analisar os seus h\u00e1bitos de navega\u00e7\u00e3o na Internet e podemos mostrar-lhe publicidade relacionada com o seu perfil de navega\u00e7\u00e3o.<\/li><li>Cookies de publicidade comportamental: Estes cookies permitem a gest\u00e3o, da forma mais eficaz poss\u00edvel, dos espa\u00e7os publicit\u00e1rios que, quando apropriado, o editor tenha inclu\u00eddo num website, aplica\u00e7\u00e3o ou plataforma a partir da qual o servi\u00e7o solicitado \u00e9 fornecido. Estes cookies armazenam informa\u00e7\u00f5es sobre o comportamento dos utilizadores obtidas atrav\u00e9s da observa\u00e7\u00e3o cont\u00ednua dos seus h\u00e1bitos de navega\u00e7\u00e3o, o que permite desenvolver um perfil espec\u00edfico a fim de exibir publicidade com base no mesmo.<\/li><\/ul>\n\n<h2 class=\"has-regular-font-size wp-block-heading\">Cookies de terceiros<\/h2>\n\n<p>Este site pode usar servi\u00e7os de terceiros que coletar\u00e3o informa\u00e7\u00f5es para fins estat\u00edsticos, sobre o uso do site pelo usu\u00e1rio e para a presta\u00e7\u00e3o de outros servi\u00e7os relacionados \u00e0 atividade do site e outros servi\u00e7os da Internet.<\/p>\n\n<p>Em particular, este site usa:<\/p>\n\n<ul class=\"wp-block-list\"><li>Las cookies de <a rel=\"noreferrer noopener\" href=\"http:\/\/www.google.com\/intl\/es\/analytics\/privacyoverview.html\" target=\"_blank\">Google Analytics<\/a>: s\u00e3o utilizados para analisar e medir a forma como os visitantes utilizam este s\u00edtio web. A informa\u00e7\u00e3o \u00e9 utilizada para compilar relat\u00f3rios para nos ajudar a melhorar este site. Estes cookies recolhem informa\u00e7\u00f5es de forma an\u00f3nima, incluindo o n\u00famero de visitantes do site, como os visitantes chegaram ao site, e as p\u00e1ginas que visitaram enquanto navegavam no nosso site.<\/li><li>Las cookies de <a rel=\"noreferrer noopener\" href=\"https:\/\/support.google.com\/youtube\/answer\/2407785?hl=es-419\" target=\"_blank\">Youtube<\/a>: s\u00e3o utilizados para contar o n\u00famero de visualiza\u00e7\u00f5es de v\u00eddeos incorporados em outros s\u00edtios web.<\/li><li>Las cookies de <a rel=\"noreferrer noopener\" href=\"http:\/\/www.addthis.com\/privacy\" target=\"_blank\">AddThis<\/a>: \u00e9 uma empresa tecnol\u00f3gica que permite aos websites e aos seus utilizadores partilharem facilmente conte\u00fados com outros, atrav\u00e9s da partilha de \u00edcones e de destinos de social bookmarking. AddThis cookies s\u00e3o utilizados a fim de permitir a partilha de conte\u00fados. AddThis is also used to collect information about how website content is shared. Os cookies ajudam a identificar de forma \u00fanica um utilizador (embora n\u00e3o pessoalmente, mas em termos de endere\u00e7o) de modo a n\u00e3o repetir tarefas dentro de um per\u00edodo de tempo especificado.<\/li><li>Outros cookies de personaliza\u00e7\u00e3o: Estes cookies permitem ao utilizador especificar ou personalizar algumas caracter\u00edsticas das op\u00e7\u00f5es gerais do website. Por exemplo, definir a l\u00edngua, a configura\u00e7\u00e3o regional ou o tipo de navegador.<ul><li><a rel=\"noreferrer noopener\" href=\"http:\/\/www.addthis.com\/privacy\" target=\"_blank\">Addthis<\/a><\/li><li><a href=\"https:\/\/es-es.facebook.com\/help\/cookies\" target=\"_blank\" rel=\"noreferrer noopener\">Facebook<\/a><\/li><li><a href=\"https:\/\/twitter.com\/privacy\" target=\"_blank\" rel=\"noreferrer noopener\">Twitter<\/a><\/li><li><a href=\"http:\/\/www.google.es\/intl\/es\/policies\/technologies\/types\/\" target=\"_blank\" rel=\"noreferrer noopener\">Google<\/a><\/li><li><a href=\"https:\/\/support.google.com\/youtube\/answer\/2407785?hl=es-419\" target=\"_blank\" rel=\"noreferrer noopener\">YouTube <\/a><\/li><\/ul><\/li><\/ul>\n\n<p>O Utilizador aceita expressamente, ao utilizar este S\u00edtio, o processamento das informa\u00e7\u00f5es recolhidas da forma e para os fins acima mencionados. E tamb\u00e9m reconhece a possibilidade de recusar o processamento de tais dados ou informa\u00e7\u00f5es, rejeitando a utiliza\u00e7\u00e3o de Cookies, seleccionando as defini\u00e7\u00f5es apropriadas para o efeito no seu navegador. No entanto, esta op\u00e7\u00e3o de bloqueio de Cookies no seu navegador pode n\u00e3o lhe permitir fazer pleno uso de todas as funcionalidades do Website.<\/p>\n\n<p>Pode permitir, bloquear ou apagar os cookies instalados no seu computador, configurando as op\u00e7\u00f5es do navegador instaladas no seu computador:<\/p>\n\n<ul class=\"wp-block-list\"><li><a href=\"http:\/\/support.google.com\/chrome\/bin\/answer.py?hl=es&amp;answer=95647\" target=\"_blank\" rel=\"noreferrer noopener\">Chrome<\/a><\/li><li><a href=\"http:\/\/windows.microsoft.com\/es-es\/windows7\/how-to-manage-cookies-in-internet-explorer-9\" target=\"_blank\" rel=\"noreferrer noopener\">Explorer<\/a><\/li><li><a href=\"http:\/\/support.mozilla.org\/es\/kb\/habilitar-y-deshabilitar-cookies-que-los-sitios-we\" target=\"_blank\" rel=\"noreferrer noopener\">Firefox<\/a><\/li><li><a href=\"http:\/\/support.apple.com\/kb\/ph5042\" target=\"_blank\" rel=\"noreferrer noopener\">Safari<\/a><\/li><\/ul>\n\n<p>Se tiver alguma quest\u00e3o sobre esta pol\u00edtica de cookies, pode contactar-nos em <a href=\"mailto:info@sucitesa.com\">info@sucitesa.com<\/a><\/p>\n","protected":false},"excerpt":{"rendered":"<p>O que s\u00e3o cookies? Cookie \u00e9 um arquivo baixado para o seu computador quando voc\u00ea acessa certas p\u00e1ginas da web. Os cookies permitem que uma p\u00e1gina web, entre outras coisas, armazene e recupere informa\u00e7\u00f5es sobre os h\u00e1bitos de navega\u00e7\u00e3o de um usu\u00e1rio ou de seu equipamento e, dependendo das informa\u00e7\u00f5es que contenham e da forma [&hellip;]<\/p>\n","protected":false},"author":1,"featured_media":0,"parent":0,"menu_order":0,"comment_status":"closed","ping_status":"closed","template":"","meta":{"_acf_changed":false,"_editorskit_title_hidden":false,"_editorskit_reading_time":0,"_editorskit_is_block_options_detached":false,"_editorskit_block_options_position":"{}","footnotes":""},"class_list":["post-82777","page","type-page","status-publish","hentry"],"acf":[],"_links":{"self":[{"href":"https:\/\/www.sucitesa.com\/pt-pt\/wp-json\/wp\/v2\/pages\/82777","targetHints":{"allow":["GET"]}}],"collection":[{"href":"https:\/\/www.sucitesa.com\/pt-pt\/wp-json\/wp\/v2\/pages"}],"about":[{"href":"https:\/\/www.sucitesa.com\/pt-pt\/wp-json\/wp\/v2\/types\/page"}],"author":[{"embeddable":true,"href":"https:\/\/www.sucitesa.com\/pt-pt\/wp-json\/wp\/v2\/users\/1"}],"replies":[{"embeddable":true,"href":"https:\/\/www.sucitesa.com\/pt-pt\/wp-json\/wp\/v2\/comments?post=82777"}],"version-history":[{"count":1,"href":"https:\/\/www.sucitesa.com\/pt-pt\/wp-json\/wp\/v2\/pages\/82777\/revisions"}],"predecessor-version":[{"id":82778,"href":"https:\/\/www.sucitesa.com\/pt-pt\/wp-json\/wp\/v2\/pages\/82777\/revisions\/82778"}],"wp:attachment":[{"href":"https:\/\/www.sucitesa.com\/pt-pt\/wp-json\/wp\/v2\/media?parent=82777"}],"curies":[{"name":"wp","href":"https:\/\/api.w.org\/{rel}","templated":true}]}}