{"id":82767,"date":"2022-07-18T17:32:53","date_gmt":"2022-07-18T15:32:53","guid":{"rendered":"https:\/\/www.sucitesa.com\/nota-legal\/"},"modified":"2022-08-04T10:04:44","modified_gmt":"2022-08-04T08:04:44","slug":"nota-legal","status":"publish","type":"page","link":"https:\/\/www.sucitesa.com\/pt-pt\/nota-legal\/","title":{"rendered":"Nota legal"},"content":{"rendered":"\n<h2 class=\"has-regular-font-size wp-block-heading\">Dados fiscais<\/h2>\n\n<p>Propriet\u00e1rio: SUCITESA<br\/>NIF: A08763856<br\/>Endere\u00e7o: P.I. Can Salvatella-Comadr\u00e1n, 31-39 \u2013 Nave A6,Barber\u00e0 del Vall\u00e8s 08210<br\/>Telefone: 937 19 54 30<\/p>\n\n<h2 class=\"has-regular-font-size wp-block-heading\">Prote\u00e7\u00e3o de dados pessoais<\/h2>\n\n<p>Os dados pessoais recolhidos atrav\u00e9s do site s\u00e3o utilizados apenas para efeitos de presta\u00e7\u00e3o dos servi\u00e7os solicitados e para proceder \u00e0 respectiva factura\u00e7\u00e3o. Os seus dados ser\u00e3o armazenados em ficheiros propriedade da SUCITESA para efeitos de fatura\u00e7\u00e3o e ser\u00e3o arquivados pelo per\u00edodo de tempo legalmente necess\u00e1rio. Voc\u00ea pode exercer os direitos de acesso, retifica\u00e7\u00e3o, cancelamento e oposi\u00e7\u00e3o por escrito \u00e0 SUCITESA em P.I. Can Salvatella-Comadr\u00e1n, 31-39 \u2013 Nave A6, Barber\u00e0 del Vall\u00e8s 08210.<\/p>\n\n<h2 class=\"has-regular-font-size wp-block-heading\">Propriedade intelectual e responsabilidade pelo conte\u00fado<\/h2>\n\n<p>\u00c9 proibido qualquer uso de todo o conte\u00fado do site, especificamente os textos, design e c\u00f3digo-fonte, sem a autoriza\u00e7\u00e3o expressa dos propriet\u00e1rios. Qualquer uso n\u00e3o autorizado ser\u00e1 devidamente processado pelos leg\u00edtimos propriet\u00e1rios.<\/p>\n\n<p>O propriet\u00e1rio da p\u00e1gina web n\u00e3o \u00e9 respons\u00e1vel pelos conte\u00fados para os quais se dirigem os links nela localizados, conforme o estabelecido no artigo 17 do LSSICE.<\/p>\n","protected":false},"excerpt":{"rendered":"<p>Dados fiscais Propriet\u00e1rio: SUCITESANIF: A08763856Endere\u00e7o: P.I. Can Salvatella-Comadr\u00e1n, 31-39 \u2013 Nave A6,Barber\u00e0 del Vall\u00e8s 08210Telefone: 937 19 54 30 Prote\u00e7\u00e3o de dados pessoais Os dados pessoais recolhidos atrav\u00e9s do site s\u00e3o utilizados apenas para efeitos de presta\u00e7\u00e3o dos servi\u00e7os solicitados e para proceder \u00e0 respectiva factura\u00e7\u00e3o. Os seus dados ser\u00e3o armazenados em ficheiros propriedade da [&hellip;]<\/p>\n","protected":false},"author":1,"featured_media":0,"parent":0,"menu_order":0,"comment_status":"closed","ping_status":"closed","template":"","meta":{"_acf_changed":false,"_editorskit_title_hidden":false,"_editorskit_reading_time":0,"_editorskit_is_block_options_detached":false,"_editorskit_block_options_position":"{}","footnotes":""},"class_list":["post-82767","page","type-page","status-publish","hentry"],"acf":[],"_links":{"self":[{"href":"https:\/\/www.sucitesa.com\/pt-pt\/wp-json\/wp\/v2\/pages\/82767","targetHints":{"allow":["GET"]}}],"collection":[{"href":"https:\/\/www.sucitesa.com\/pt-pt\/wp-json\/wp\/v2\/pages"}],"about":[{"href":"https:\/\/www.sucitesa.com\/pt-pt\/wp-json\/wp\/v2\/types\/page"}],"author":[{"embeddable":true,"href":"https:\/\/www.sucitesa.com\/pt-pt\/wp-json\/wp\/v2\/users\/1"}],"replies":[{"embeddable":true,"href":"https:\/\/www.sucitesa.com\/pt-pt\/wp-json\/wp\/v2\/comments?post=82767"}],"version-history":[{"count":1,"href":"https:\/\/www.sucitesa.com\/pt-pt\/wp-json\/wp\/v2\/pages\/82767\/revisions"}],"predecessor-version":[{"id":82768,"href":"https:\/\/www.sucitesa.com\/pt-pt\/wp-json\/wp\/v2\/pages\/82767\/revisions\/82768"}],"wp:attachment":[{"href":"https:\/\/www.sucitesa.com\/pt-pt\/wp-json\/wp\/v2\/media?parent=82767"}],"curies":[{"name":"wp","href":"https:\/\/api.w.org\/{rel}","templated":true}]}}