{"id":82785,"date":"2022-07-07T13:05:14","date_gmt":"2022-07-07T11:05:14","guid":{"rendered":"https:\/\/www.sucitesa.com\/politique-de-confidentialite\/"},"modified":"2022-08-04T10:04:09","modified_gmt":"2022-08-04T08:04:09","slug":"politique-de-confidentialite","status":"publish","type":"page","link":"https:\/\/www.sucitesa.com\/fr\/politique-de-confidentialite\/","title":{"rendered":"Politique de confidentialit\u00e9"},"content":{"rendered":"\n<p>La confidentialit\u00e9 et la s\u00e9curit\u00e9 sont les valeurs premi\u00e8res de Sucitesa et, par cons\u00e9quent, nous assumons l&rsquo;engagement de garantir la confidentialit\u00e9 de l&rsquo;Utilisateur \u00e0 tout moment et de ne pas collecter d&rsquo;informations inutiles. Ensuite, nous vous fournissons toutes les informations n\u00e9cessaires sur notre politique de confidentialit\u00e9 en relation avec les donn\u00e9es personnelles que nous collectons, en expliquant :<\/p>\n\n<ul class=\"wp-block-list\"><li>Qui est responsable du traitement de vos donn\u00e9es.<\/li><li>\u00c0 quelles fins nous recueillons les donn\u00e9es que nous demandons.<\/li><li>Quelle est la l\u00e9gitimit\u00e9 de son traitement.<\/li><li>Combien de temps les gardons-nous ?<\/li><li>A quels destinataires vos donn\u00e9es sont communiqu\u00e9es.<\/li><li>Quels sont vos droits.<\/li><\/ul>\n\n<h2 class=\"has-regular-font-size wp-block-heading\">1. Responsable :<\/h2>\n\n<ul class=\"wp-block-list\"><li>Sucitesa, NIF A08763856<\/li><li>P.I. Can Salvatella-Comadr\u00e1n, 31-39 \u2013 Nave A6,Barber\u00e0 del Vall\u00e8s 08210<\/li><li>e-mail: <a href=\"mailto:info@sucitesa.com\">info@sucitesa.com<\/a><\/li><\/ul>\n\n<h2 class=\"has-regular-font-size wp-block-heading\">2. Finalit\u00e9s, l\u00e9gitimit\u00e9 et conservation du traitement des donn\u00e9es transmises via :<\/h2>\n\n<ul class=\"wp-block-list\"><li>FORMULAIRE DE CONTACT.<br\/>Objet : vous fournir un moyen de nous contacter et de r\u00e9pondre \u00e0 vos demandes d&rsquo;informations, ainsi que de vous envoyer des communications sur nos produits, services et activit\u00e9s, y compris par voie \u00e9lectronique (email, SMS, WhatsApp), si vous cochez la case d&rsquo;acceptation.<br\/>L\u00e9gitimation : Le consentement de l&rsquo;utilisateur lors de la demande d&rsquo;informations via notre formulaire de contact et lors de la v\u00e9rification de la case d&rsquo;acceptation pour l&rsquo;envoi d&rsquo;informations.<br\/>Conservation : Une fois votre demande effectu\u00e9e via notre formulaire ou r\u00e9pondue par email, si vous n&rsquo;avez pas g\u00e9n\u00e9r\u00e9 de nouveau traitement, et si vous avez accept\u00e9 de recevoir des envois commerciaux, jusqu&rsquo;\u00e0 ce que vous demandiez \u00e0 vous en d\u00e9sinscrire.<\/li><li>ENVOI D&rsquo;E-MAILS.<br\/>Objectif\u00a0: r\u00e9pondre \u00e0 vos demandes d&rsquo;informations, r\u00e9pondre \u00e0 vos demandes et r\u00e9pondre \u00e0 vos questions ou doutes.<br\/>L\u00e9gitimation\u00a0:\u00a0le consentement de l&rsquo;utilisateur lors de la demande d&rsquo;informations via l&rsquo;adresse e-mail. <br\/>Conservation\u00a0: Une fois votre demande r\u00e9pondue par mail, si vous n&rsquo;avez pas g\u00e9n\u00e9r\u00e9 de nouveau traitement.<\/li><li>ENVOI DE VOTRE CURRICULUM VITAE PAR COURRIEL<br\/>Objectif : Disposer de votre CV pour participer \u00e0 nos processus de s\u00e9lection du personnel.<br\/>L\u00e9gitimation : Le consentement de l&rsquo;utilisateur lors de l&rsquo;envoi de ses informations personnelles et de son CV pour nos processus de recrutement du personnel.<br\/>Conservation : Pendant le d\u00e9veloppement des processus ouverts de s\u00e9lection du personnel et pendant 1 an pour les processus futurs.<\/li><\/ul>\n\n<h2 class=\"has-regular-font-size wp-block-heading\">3. Destinataires de vos donn\u00e9es<\/h2>\n\n<p>Vos donn\u00e9es sont confidentielles et ne seront pas c\u00e9d\u00e9es \u00e0 des tiers, sauf obligation l\u00e9gale.<\/p>\n\n<h2 class=\"has-regular-font-size wp-block-heading\">4. Droits relatifs \u00e0 vos donn\u00e9es personnelles<\/h2>\n\n<p>Toute personne peut retirer son consentement \u00e0 tout moment, lorsqu&rsquo;il a \u00e9t\u00e9 accord\u00e9 pour le traitement de ses donn\u00e9es. En aucun cas, le retrait de ce consentement ne conditionne l&rsquo;ex\u00e9cution du contrat d&rsquo;abonnement ou des relations g\u00e9n\u00e9r\u00e9es pr\u00e9c\u00e9demment.<\/p>\n\n<p>De m\u00eame, vous pouvez exercer les droits suivants :<\/p>\n\n<ul class=\"wp-block-list\"><li>Demander l&rsquo;acc\u00e8s \u00e0 vos donn\u00e9es personnelles ou leur rectification lorsqu&rsquo;elles sont inexactes.<\/li><li>Demander leur suppression lorsque, entre autres raisons, les donn\u00e9es ne sont plus n\u00e9cessaires aux fins pour lesquelles elles ont \u00e9t\u00e9 collect\u00e9es.<\/li><li>Demander la limitation de votre traitement dans certaines circonstances.<\/li><li>Demander l&rsquo;opposition au traitement de vos donn\u00e9es pour des raisons li\u00e9es \u00e0 votre situation particuli\u00e8re.<\/li><li>Demander la portabilit\u00e9 des donn\u00e9es dans les cas pr\u00e9vus par la r\u00e9glementation.<\/li><li>Autres droits reconnus dans la r\u00e9glementation applicable.<\/li><\/ul>\n\n<p>O\u00f9 et comment demander vos Droits : En \u00e9crivant au responsable \u00e0 votre adresse postale ou \u00e9lectronique (indiqu\u00e9e dans la section A), en indiquant la r\u00e9f\u00e9rence \u00ab Donn\u00e9es Personnelles \u00bb, en pr\u00e9cisant le droit que vous souhaitez exercer et au titre de quel Les donn\u00e9es.<\/p>\n\n<p>En cas de d\u00e9saccord avec l&rsquo;entreprise concernant le traitement de vos donn\u00e9es, vous pouvez d\u00e9poser une r\u00e9clamation aupr\u00e8s de l&rsquo;Autorit\u00e9 de protection des donn\u00e9es (www.agpd.es).<\/p>\n\n<h2 class=\"has-regular-font-size wp-block-heading\">5. Cookies<\/h2>\n\n<p>Ce site utilise uniquement des cookies techniques, de personnalisation et d&rsquo;analyse, les siens et ceux de tiers (Google Analytics), qui ne traitent en aucun cas des donn\u00e9es personnelles ou ne capturent les habitudes de navigation \u00e0 des fins publicitaires.<\/p>\n\n<p>Par cons\u00e9quent, lors de l&rsquo;acc\u00e8s \u00e0 notre site Web, conform\u00e9ment \u00e0 l&rsquo;article 22 de la loi sur les services de la soci\u00e9t\u00e9 de l&rsquo;information, lors du traitement des cookies d&rsquo;analyse, nous avons demand\u00e9 votre consentement pour leur utilisation et fourni des informations \u00e0 leur sujet, qui dans tous les cas, ils seront install\u00e9s apr\u00e8s un d\u00e9lai raisonnable afin que l&rsquo;utilisateur ait le temps de d\u00e9cider de donner ou non son consentement.<\/p>\n\n<h2 class=\"has-regular-font-size wp-block-heading\">6. S\u00e9curit\u00e9 de vos donn\u00e9es personnelles<\/h2>\n\n<p>Afin de garantir la s\u00e9curit\u00e9 de vos donn\u00e9es personnelles, nous vous informons que nous avons adopt\u00e9 toutes les mesures techniques et organisationnelles n\u00e9cessaires pour garantir la s\u00e9curit\u00e9 des donn\u00e9es personnelles fournies contre leur alt\u00e9ration, perte et traitement ou acc\u00e8s non autoris\u00e9.<\/p>\n\n<h2 class=\"has-regular-font-size wp-block-heading\">7. Mise \u00e0 jour de vos donn\u00e9es<\/h2>\n\n<p>Il est important que, pour que nous puissions maintenir vos donn\u00e9es personnelles \u00e0 jour, vous nous informiez chaque fois qu&rsquo;il y a eu des changements, sinon nous ne sommes pas responsables de leur v\u00e9racit\u00e9.<\/p>\n\n<p>Nous ne sommes pas responsables de la politique de confidentialit\u00e9 concernant les donn\u00e9es personnelles que vous pouvez fournir \u00e0 des tiers via les liens disponibles sur notre site Web.<\/p>\n\n<p>Cette politique de confidentialit\u00e9 peut \u00eatre modifi\u00e9e pour s&rsquo;adapter aux changements qui se produisent sur notre site Web, ainsi qu&rsquo;aux changements l\u00e9gislatifs ou jurisprudentiels sur les donn\u00e9es personnelles qui apparaissent, elle n\u00e9cessite donc une lecture, chaque fois que vous nous fournissez vos donn\u00e9es via ce site Web.<\/p>\n","protected":false},"excerpt":{"rendered":"<p>La confidentialit\u00e9 et la s\u00e9curit\u00e9 sont les valeurs premi\u00e8res de Sucitesa et, par cons\u00e9quent, nous assumons l&rsquo;engagement de garantir la confidentialit\u00e9 de l&rsquo;Utilisateur \u00e0 tout moment et de ne pas collecter d&rsquo;informations inutiles. Ensuite, nous vous fournissons toutes les informations n\u00e9cessaires sur notre politique de confidentialit\u00e9 en relation avec les donn\u00e9es personnelles que nous collectons, [&hellip;]<\/p>\n","protected":false},"author":1,"featured_media":0,"parent":0,"menu_order":0,"comment_status":"closed","ping_status":"closed","template":"","meta":{"_acf_changed":false,"_editorskit_title_hidden":false,"_editorskit_reading_time":0,"_editorskit_is_block_options_detached":false,"_editorskit_block_options_position":"{}","footnotes":""},"class_list":["post-82785","page","type-page","status-publish","hentry"],"acf":[],"_links":{"self":[{"href":"https:\/\/www.sucitesa.com\/fr\/wp-json\/wp\/v2\/pages\/82785","targetHints":{"allow":["GET"]}}],"collection":[{"href":"https:\/\/www.sucitesa.com\/fr\/wp-json\/wp\/v2\/pages"}],"about":[{"href":"https:\/\/www.sucitesa.com\/fr\/wp-json\/wp\/v2\/types\/page"}],"author":[{"embeddable":true,"href":"https:\/\/www.sucitesa.com\/fr\/wp-json\/wp\/v2\/users\/1"}],"replies":[{"embeddable":true,"href":"https:\/\/www.sucitesa.com\/fr\/wp-json\/wp\/v2\/comments?post=82785"}],"version-history":[{"count":1,"href":"https:\/\/www.sucitesa.com\/fr\/wp-json\/wp\/v2\/pages\/82785\/revisions"}],"predecessor-version":[{"id":82786,"href":"https:\/\/www.sucitesa.com\/fr\/wp-json\/wp\/v2\/pages\/82785\/revisions\/82786"}],"wp:attachment":[{"href":"https:\/\/www.sucitesa.com\/fr\/wp-json\/wp\/v2\/media?parent=82785"}],"curies":[{"name":"wp","href":"https:\/\/api.w.org\/{rel}","templated":true}]}}