{"id":82775,"date":"2022-07-18T17:31:27","date_gmt":"2022-07-18T15:31:27","guid":{"rendered":"https:\/\/www.sucitesa.com\/politique-de-cookies\/"},"modified":"2022-08-04T10:04:08","modified_gmt":"2022-08-04T08:04:08","slug":"politique-de-cookies","status":"publish","type":"page","link":"https:\/\/www.sucitesa.com\/fr\/politique-de-cookies\/","title":{"rendered":"Politique de Cookies"},"content":{"rendered":"\n<h2 class=\"has-regular-font-size wp-block-heading\">Que sont les cookies?<\/h2>\n\n<p>Un cookie est un fichier qui est t\u00e9l\u00e9charg\u00e9 sur votre ordinateur lorsque vous acc\u00e9dez \u00e0 certains sites web. Les cookies permettent \u00e0 un site web, entre autres, de stocker et de r\u00e9cup\u00e9rer des informations sur les habitudes de navigation d&rsquo;un utilisateur ou de son ordinateur et, selon les informations qu&rsquo;ils contiennent et la fa\u00e7on dont vous utilisez votre ordinateur, ils peuvent \u00eatre utilis\u00e9s pour reconna\u00eetre l&rsquo;utilisateur. Le navigateur de l&rsquo;utilisateur ne m\u00e9morise les cookies sur le disque dur que pendant la session en cours, occupant un espace m\u00e9moire minimal et n&rsquo;endommageant pas l&rsquo;ordinateur. Les cookies ne contiennent pas d&rsquo;informations personnelles sp\u00e9cifiques et la plupart des cookies sont supprim\u00e9s du disque dur \u00e0 la fin de la session du navigateur (cookies dits de session).<\/p>\n\n<p>La plupart des navigateurs acceptent les cookies par d\u00e9faut et, ind\u00e9pendamment d&rsquo;eux, autorisent ou emp\u00eachent les cookies temporaires ou stock\u00e9s dans les param\u00e8tres de s\u00e9curit\u00e9.<\/p>\n\n<p>Sans votre consentement expr\u00e8s &#8211; par l&rsquo;activation de cookies dans votre navigateur &#8211; cette page ne reliera pas dans les cookies les donn\u00e9es stock\u00e9es avec vos donn\u00e9es personnelles fournies au moment de l&rsquo;enregistrement ou de l&rsquo;achat.<\/p>\n\n<h2 class=\"has-regular-font-size wp-block-heading\">Quels types de cookies ce site web utilise-t-il ?<\/h2>\n\n<ul class=\"wp-block-list\"><li>Cookies techniques : Ce sont ceux qui permettent \u00e0 l&rsquo;utilisateur de naviguer sur un site web, une plateforme ou une application et d&rsquo;utiliser les diff\u00e9rentes options ou services qui y existent, par exemple, contr\u00f4ler le trafic et la communication des donn\u00e9es, identifier la session, acc\u00e9der aux parties \u00e0 acc\u00e8s restreint, se souvenir des \u00e9l\u00e9ments qui composent une commande, effectuer le processus d&rsquo;achat d&rsquo;une commande, effectuer la demande d&rsquo;inscription ou de participation \u00e0 un \u00e9v\u00e9nement, utiliser les fonctions de s\u00e9curit\u00e9 pendant la navigation, stocker des contenus pour la diffusion de vid\u00e9os ou de sons ou partager des contenus \u00e0 travers les r\u00e9seaux sociaux.<\/li><li>Cookies de personnalisation : ces cookies permettent \u00e0 l&rsquo;utilisateur d&rsquo;acc\u00e9der au service avec certaines caract\u00e9ristiques g\u00e9n\u00e9rales pr\u00e9d\u00e9finies en fonction d&rsquo;une s\u00e9rie de crit\u00e8res du terminal de l&rsquo;utilisateur, tels que la langue, le type de navigateur utilis\u00e9 pour acc\u00e9der au service, la configuration r\u00e9gionale depuis laquelle on acc\u00e8de au service, etc.<\/li><li>Cookies d&rsquo;analyse : il s&rsquo;agit de cookies qui sont soit trait\u00e9s par nous, soit par des tiers et qui nous permettent de quantifier le nombre d&rsquo;utilisateurs et ainsi d&rsquo;effectuer la mesure et l&rsquo;analyse statistique de l&rsquo;utilisation faite par les utilisateurs du service offert. Pour ce faire, votre navigation sur notre site est analys\u00e9e afin d&rsquo;am\u00e9liorer la gamme de produits ou services que nous proposons.<\/li><li>Cookies publicitaires : ce sont ceux qui, trait\u00e9s par nous ou par des tiers, nous permettent de g\u00e9rer le plus efficacement possible la fourniture d&rsquo;espaces publicitaires sur le site web, en adaptant le contenu de la publicit\u00e9 au contenu du service demand\u00e9 ou \u00e0 l&rsquo;utilisation que vous faites de notre site web. Pour ce faire, nous pouvons analyser vos habitudes de navigation sur Internet et vous montrer des publicit\u00e9s li\u00e9es \u00e0 votre profil de navigation.<\/li><li>Cookies de publicit\u00e9 comportementale : Ces cookies permettent de g\u00e9rer, de la mani\u00e8re la plus efficace possible, les espaces publicitaires que, le cas \u00e9ch\u00e9ant, l&rsquo;\u00e9diteur a inclus sur un site web, une application ou une plateforme \u00e0 partir desquels le service demand\u00e9 est fourni. Ces cookies stockent des informations sur le comportement des utilisateurs obtenues par l&rsquo;observation continue de leurs habitudes de navigation, ce qui permet de d\u00e9velopper un profil sp\u00e9cifique afin d&rsquo;afficher des publicit\u00e9s bas\u00e9es sur ce dernier.<\/li><\/ul>\n\n<h2 class=\"has-regular-font-size wp-block-heading\">Cookies de tiers<\/h2>\n\n<p>Ce site web peut utiliser des services tiers qui collecteront des informations \u00e0 des fins statistiques, pour l&rsquo;utilisation du site par l&rsquo;utilisateur et pour la fourniture d&rsquo;autres services li\u00e9s \u00e0 l&rsquo;activit\u00e9 du site web et d&rsquo;autres services Internet.<\/p>\n\n<p>En particulier, ce site web utilise :<\/p>\n\n<ul class=\"wp-block-list\"><li>Cookies de <a rel=\"noreferrer noopener\" href=\"http:\/\/www.google.com\/intl\/es\/analytics\/privacyoverview.html\" target=\"_blank\">Google Analytics<\/a> : sont utilis\u00e9s pour analyser et mesurer la fa\u00e7on dont les visiteurs utilisent ce site web. Ces informations sont utilis\u00e9es pour compiler des rapports afin d&rsquo;am\u00e9liorer ce site. Ces cookies collectent des informations sous une forme anonyme, notamment le nombre de visiteurs du site, la mani\u00e8re dont ils sont arriv\u00e9s sur le site et les pages qu&rsquo;ils ont consult\u00e9es en naviguant sur notre site web.<\/li><li>Cookies de <a rel=\"noreferrer noopener\" href=\"https:\/\/support.google.com\/youtube\/answer\/2407785?hl=es-419\" target=\"_blank\">Youtube<\/a> : sont utilis\u00e9s pour compter le nombre de vues des vid\u00e9os int\u00e9gr\u00e9es dans d&rsquo;autres sites web.<\/li><li>Cookies de <a rel=\"noreferrer noopener\" href=\"http:\/\/www.addthis.com\/privacy\" target=\"_blank\">AddThis<\/a> : est une soci\u00e9t\u00e9 technologique qui permet aux sites web et \u00e0 leurs utilisateurs de partager facilement du contenu avec d&rsquo;autres personnes, par le biais d&rsquo;ic\u00f4nes de partage et de destinations de partage de signets sociaux. Les cookies AddThis sont utilis\u00e9s afin de permettre le partage de contenu. AddThis est \u00e9galement utilis\u00e9 pour recueillir des informations sur la fa\u00e7on dont le contenu du site web est partag\u00e9. Les cookies permettent d&rsquo;identifier de mani\u00e8re unique un utilisateur (non pas personnellement, mais en termes d&rsquo;adresse) afin de ne pas r\u00e9p\u00e9ter des t\u00e2ches dans un laps de temps d\u00e9termin\u00e9.<\/li><li>Autres cookies de personnalisation : Ces cookies permettent \u00e0 l&rsquo;utilisateur de sp\u00e9cifier ou de personnaliser certaines caract\u00e9ristiques des options g\u00e9n\u00e9rales du site web. Par exemple, la d\u00e9finition de la langue, de la configuration r\u00e9gionale ou du type de navigateur.<ul><li><a rel=\"noreferrer noopener\" href=\"http:\/\/www.addthis.com\/privacy\" target=\"_blank\">Addthis<\/a><\/li><li><a href=\"https:\/\/es-es.facebook.com\/help\/cookies\" target=\"_blank\" rel=\"noreferrer noopener\">Facebook<\/a><\/li><li><a href=\"https:\/\/twitter.com\/privacy\" target=\"_blank\" rel=\"noreferrer noopener\">Twitter<\/a><\/li><li><a href=\"http:\/\/www.google.es\/intl\/es\/policies\/technologies\/types\/\" target=\"_blank\" rel=\"noreferrer noopener\">Google<\/a><\/li><li><a href=\"https:\/\/support.google.com\/youtube\/answer\/2407785?hl=es-419\" target=\"_blank\" rel=\"noreferrer noopener\">YouTube <\/a><\/li><\/ul><\/li><\/ul>\n\n<p>L&rsquo;Utilisateur accepte express\u00e9ment, en utilisant ce Site, le traitement des informations recueillies de la mani\u00e8re et aux fins susmentionn\u00e9es. Et reconna\u00eet \u00e9galement la possibilit\u00e9 de s&rsquo;opposer au traitement de ces donn\u00e9es ou informations en rejetant l&rsquo;utilisation de Cookies en s\u00e9lectionnant les param\u00e8tres appropri\u00e9s \u00e0 cet effet dans votre navigateur. Toutefois, cette option de blocage des cookies dans votre navigateur peut ne pas vous permettre d&rsquo;utiliser pleinement toutes les fonctionnalit\u00e9s du site web.<\/p>\n\n<p>Vous pouvez autoriser, bloquer ou supprimer les cookies install\u00e9s sur votre ordinateur en configurant les options du navigateur install\u00e9 sur votre ordinateur :<\/p>\n\n<ul class=\"wp-block-list\"><li><a href=\"http:\/\/support.google.com\/chrome\/bin\/answer.py?hl=es&amp;answer=95647\" target=\"_blank\" rel=\"noreferrer noopener\">Chrome<\/a><\/li><li><a href=\"http:\/\/windows.microsoft.com\/es-es\/windows7\/how-to-manage-cookies-in-internet-explorer-9\" target=\"_blank\" rel=\"noreferrer noopener\">Explorer<\/a><\/li><li><a href=\"http:\/\/support.mozilla.org\/es\/kb\/habilitar-y-deshabilitar-cookies-que-los-sitios-we\" target=\"_blank\" rel=\"noreferrer noopener\">Firefox<\/a><\/li><li><a href=\"http:\/\/support.apple.com\/kb\/ph5042\" target=\"_blank\" rel=\"noreferrer noopener\">Safari<\/a><\/li><\/ul>\n\n<p>Si vous avez des questions sur cette politique en mati\u00e8re de cookies, vous pouvez nous contacter \u00e0 l&rsquo;adresse <a href=\"mailto:info@sucitesa.com\">info@sucitesa.com<\/a>.<\/p>\n","protected":false},"excerpt":{"rendered":"<p>Que sont les cookies? Un cookie est un fichier qui est t\u00e9l\u00e9charg\u00e9 sur votre ordinateur lorsque vous acc\u00e9dez \u00e0 certains sites web. Les cookies permettent \u00e0 un site web, entre autres, de stocker et de r\u00e9cup\u00e9rer des informations sur les habitudes de navigation d&rsquo;un utilisateur ou de son ordinateur et, selon les informations qu&rsquo;ils contiennent [&hellip;]<\/p>\n","protected":false},"author":1,"featured_media":0,"parent":0,"menu_order":0,"comment_status":"closed","ping_status":"closed","template":"","meta":{"_acf_changed":false,"_editorskit_title_hidden":false,"_editorskit_reading_time":0,"_editorskit_is_block_options_detached":false,"_editorskit_block_options_position":"{}","footnotes":""},"class_list":["post-82775","page","type-page","status-publish","hentry"],"acf":[],"_links":{"self":[{"href":"https:\/\/www.sucitesa.com\/fr\/wp-json\/wp\/v2\/pages\/82775","targetHints":{"allow":["GET"]}}],"collection":[{"href":"https:\/\/www.sucitesa.com\/fr\/wp-json\/wp\/v2\/pages"}],"about":[{"href":"https:\/\/www.sucitesa.com\/fr\/wp-json\/wp\/v2\/types\/page"}],"author":[{"embeddable":true,"href":"https:\/\/www.sucitesa.com\/fr\/wp-json\/wp\/v2\/users\/1"}],"replies":[{"embeddable":true,"href":"https:\/\/www.sucitesa.com\/fr\/wp-json\/wp\/v2\/comments?post=82775"}],"version-history":[{"count":1,"href":"https:\/\/www.sucitesa.com\/fr\/wp-json\/wp\/v2\/pages\/82775\/revisions"}],"predecessor-version":[{"id":82776,"href":"https:\/\/www.sucitesa.com\/fr\/wp-json\/wp\/v2\/pages\/82775\/revisions\/82776"}],"wp:attachment":[{"href":"https:\/\/www.sucitesa.com\/fr\/wp-json\/wp\/v2\/media?parent=82775"}],"curies":[{"name":"wp","href":"https:\/\/api.w.org\/{rel}","templated":true}]}}