{"id":82765,"date":"2022-07-18T17:32:53","date_gmt":"2022-07-18T15:32:53","guid":{"rendered":"https:\/\/www.sucitesa.com\/note-juridique\/"},"modified":"2022-08-04T10:04:08","modified_gmt":"2022-08-04T08:04:08","slug":"note-juridique","status":"publish","type":"page","link":"https:\/\/www.sucitesa.com\/fr\/note-juridique\/","title":{"rendered":"Note juridique"},"content":{"rendered":"\n<h2 class=\"has-regular-font-size wp-block-heading\">Donn\u00e9es fiscales<\/h2>\n\n<p>Propri\u00e9taire: SUCITESA<br\/>NIF: A08763856<br\/>Adresse: P.I. Can Salvatella-Comadr\u00e1n, 31-39 \u2013 Nave A6,Barber\u00e0 del Vall\u00e8s 08210<br\/>T\u00e9l\u00e9phone: 937 19 54 30<\/p>\n\n<h2 class=\"has-regular-font-size wp-block-heading\">Protection des donn\u00e9es personnelles<\/h2>\n\n<p>Les donn\u00e9es personnelles collect\u00e9es via le site Web ne sont utilis\u00e9es que dans le but de fournir les services demand\u00e9s ainsi que de proc\u00e9der \u00e0 leur facturation. Vos donn\u00e9es seront stock\u00e9es dans des fichiers appartenant \u00e0 SUCITESA \u00e0 des fins de facturation et seront archiv\u00e9es pendant la dur\u00e9e l\u00e9galement n\u00e9cessaire. Vous pouvez exercer les droits d\u2019acc\u00e8s, de rectification, d\u2019annulation et d\u2019opposition par \u00e9crit \u00e0 SUCITESA \u00e0 P.I. Can Salvatella-Comadr\u00e1n, 31-39 \u2013 Nef A6, Barber\u00e0 del Vall\u00e8s 08210.<\/p>\n\n<h2 class=\"has-regular-font-size wp-block-heading\">Propri\u00e9t\u00e9 intellectuelle et responsabilit\u00e9 du contenu<\/h2>\n\n<p>Toute utilisation de tout le contenu du site, en particulier les textes, le design et le code source, est interdite sans l\u2019autorisation expresse des propri\u00e9taires. Toute utilisation non autoris\u00e9e sera d\u00fbment poursuivie par les propri\u00e9taires l\u00e9gitimes.<\/p>\n\n<p>Le propri\u00e9taire de la page web n\u2019est pas responsable du contenu vers lequel les liens qui s\u2019y trouvent sont dirig\u00e9s, conform\u00e9ment \u00e0 ce qui est \u00e9tabli \u00e0 l\u2019article 17 de la LSSICE.<\/p>\n","protected":false},"excerpt":{"rendered":"<p>Donn\u00e9es fiscales Propri\u00e9taire: SUCITESANIF: A08763856Adresse: P.I. Can Salvatella-Comadr\u00e1n, 31-39 \u2013 Nave A6,Barber\u00e0 del Vall\u00e8s 08210T\u00e9l\u00e9phone: 937 19 54 30 Protection des donn\u00e9es personnelles Les donn\u00e9es personnelles collect\u00e9es via le site Web ne sont utilis\u00e9es que dans le but de fournir les services demand\u00e9s ainsi que de proc\u00e9der \u00e0 leur facturation. Vos donn\u00e9es seront stock\u00e9es dans [&hellip;]<\/p>\n","protected":false},"author":1,"featured_media":0,"parent":0,"menu_order":0,"comment_status":"closed","ping_status":"closed","template":"","meta":{"_acf_changed":false,"_editorskit_title_hidden":false,"_editorskit_reading_time":0,"_editorskit_is_block_options_detached":false,"_editorskit_block_options_position":"{}","footnotes":""},"class_list":["post-82765","page","type-page","status-publish","hentry"],"acf":[],"_links":{"self":[{"href":"https:\/\/www.sucitesa.com\/fr\/wp-json\/wp\/v2\/pages\/82765","targetHints":{"allow":["GET"]}}],"collection":[{"href":"https:\/\/www.sucitesa.com\/fr\/wp-json\/wp\/v2\/pages"}],"about":[{"href":"https:\/\/www.sucitesa.com\/fr\/wp-json\/wp\/v2\/types\/page"}],"author":[{"embeddable":true,"href":"https:\/\/www.sucitesa.com\/fr\/wp-json\/wp\/v2\/users\/1"}],"replies":[{"embeddable":true,"href":"https:\/\/www.sucitesa.com\/fr\/wp-json\/wp\/v2\/comments?post=82765"}],"version-history":[{"count":1,"href":"https:\/\/www.sucitesa.com\/fr\/wp-json\/wp\/v2\/pages\/82765\/revisions"}],"predecessor-version":[{"id":82766,"href":"https:\/\/www.sucitesa.com\/fr\/wp-json\/wp\/v2\/pages\/82765\/revisions\/82766"}],"wp:attachment":[{"href":"https:\/\/www.sucitesa.com\/fr\/wp-json\/wp\/v2\/media?parent=82765"}],"curies":[{"name":"wp","href":"https:\/\/api.w.org\/{rel}","templated":true}]}}