{"id":82761,"date":"2022-07-18T17:32:53","date_gmt":"2022-07-18T15:32:53","guid":{"rendered":"https:\/\/www.sucitesa.com\/nota-legal\/"},"modified":"2022-08-04T10:05:15","modified_gmt":"2022-08-04T08:05:15","slug":"nota-legal","status":"publish","type":"page","link":"https:\/\/www.sucitesa.com\/es-cl\/nota-legal\/","title":{"rendered":"Nota legal"},"content":{"rendered":"\n<h2 class=\"has-regular-font-size wp-block-heading\">Datos fiscales<\/h2>\n\n<p>Titular: SUCITESA<br\/>NIF: A08763856<br\/>Direcci\u00f3n: P.I. Can Salvatella-Comadr\u00e1n, 31-39 \u2013 Nave A6,Barber\u00e0 del Vall\u00e8s 08210<br\/>Tel\u00e9fono: 937 19 54 30<\/p>\n\n<h2 class=\"has-regular-font-size wp-block-heading\">Protecci\u00f3n de datos personales<\/h2>\n\n<p>Los datos de car\u00e1cter personal que se recogen a trav\u00e9s de la p\u00e1gina web, son \u00fanicamente utilizados a efectos de prestar los servicios solicitados as\u00ed como proceder a la facturaci\u00f3n de los mismos. Sus datos ser\u00e1n ubicados en ficheros titularidad de SUCITESA a efectos de facturaci\u00f3n y ser\u00e1n archivados por el periodo de tiempo legalmente necesario. Usted podr\u00e1 ejercer los derechos de acceso, rectificaci\u00f3n, cancelaci\u00f3n y oposici\u00f3n por escrito a SUCITESA en P.I. Can Salvatella-Comadr\u00e1n, 31-39 \u2013 Nave A6,Barber\u00e0 del Vall\u00e8s 08210.<\/p>\n\n<h2 class=\"has-regular-font-size wp-block-heading\">Propiedad intelectual y responsabilidad sobre los contenidos<\/h2>\n\n<p>Queda prohibido cualquier uso de todos los contenidos de la p\u00e1gina web, concretamente sobre los textos, dise\u00f1o y c\u00f3digo fuente, sin la autorizaci\u00f3n expresa de sus titulares. Cualquier uso no permitido ser\u00e1 debidamente perseguido por los leg\u00edtimos propietarios.<\/p>\n\n<p>El titular de la p\u00e1gina web no se hace responsable de los contenidos a los que se dirigen los enlaces ubicados en \u00e9sta, seg\u00fan lo que establece el art\u00edculo 17 de la LSSICE.<\/p>\n","protected":false},"excerpt":{"rendered":"<p>Datos fiscales Titular: SUCITESANIF: A08763856Direcci\u00f3n: P.I. Can Salvatella-Comadr\u00e1n, 31-39 \u2013 Nave A6,Barber\u00e0 del Vall\u00e8s 08210Tel\u00e9fono: 937 19 54 30 Protecci\u00f3n de datos personales Los datos de car\u00e1cter personal que se recogen a trav\u00e9s de la p\u00e1gina web, son \u00fanicamente utilizados a efectos de prestar los servicios solicitados as\u00ed como proceder a la facturaci\u00f3n de los [&hellip;]<\/p>\n","protected":false},"author":1,"featured_media":0,"parent":0,"menu_order":0,"comment_status":"closed","ping_status":"closed","template":"","meta":{"_acf_changed":false,"_editorskit_title_hidden":false,"_editorskit_reading_time":0,"_editorskit_is_block_options_detached":false,"_editorskit_block_options_position":"{}","footnotes":""},"class_list":["post-82761","page","type-page","status-publish","hentry"],"acf":[],"_links":{"self":[{"href":"https:\/\/www.sucitesa.com\/es-cl\/wp-json\/wp\/v2\/pages\/82761","targetHints":{"allow":["GET"]}}],"collection":[{"href":"https:\/\/www.sucitesa.com\/es-cl\/wp-json\/wp\/v2\/pages"}],"about":[{"href":"https:\/\/www.sucitesa.com\/es-cl\/wp-json\/wp\/v2\/types\/page"}],"author":[{"embeddable":true,"href":"https:\/\/www.sucitesa.com\/es-cl\/wp-json\/wp\/v2\/users\/1"}],"replies":[{"embeddable":true,"href":"https:\/\/www.sucitesa.com\/es-cl\/wp-json\/wp\/v2\/comments?post=82761"}],"version-history":[{"count":1,"href":"https:\/\/www.sucitesa.com\/es-cl\/wp-json\/wp\/v2\/pages\/82761\/revisions"}],"predecessor-version":[{"id":82762,"href":"https:\/\/www.sucitesa.com\/es-cl\/wp-json\/wp\/v2\/pages\/82761\/revisions\/82762"}],"wp:attachment":[{"href":"https:\/\/www.sucitesa.com\/es-cl\/wp-json\/wp\/v2\/media?parent=82761"}],"curies":[{"name":"wp","href":"https:\/\/api.w.org\/{rel}","templated":true}]}}