{"id":82779,"date":"2022-07-07T13:05:14","date_gmt":"2022-07-07T11:05:14","guid":{"rendered":"https:\/\/www.sucitesa.com\/politica-de-privadesa\/"},"modified":"2022-08-04T10:02:32","modified_gmt":"2022-08-04T08:02:32","slug":"politica-de-privadesa","status":"publish","type":"page","link":"https:\/\/www.sucitesa.com\/ca\/politica-de-privadesa\/","title":{"rendered":"Pol\u00edtica de privadesa"},"content":{"rendered":"\n<p>La confidencialitat i la seguretat s\u00f3n valors primordials de Sucitesa i, en conseq\u00fc\u00e8ncia, assumim el comprom\u00eds de garantir la privadesa de l&#8217;Usuari en tot moment i de no demanar informaci\u00f3 innecess\u00e0ria. A continuaci\u00f3, us proporcionem tota la informaci\u00f3 necess\u00e0ria sobre la nostra Pol\u00edtica de Privadesa en relaci\u00f3 amb les dades personals que demanem, explicant-vos:<\/p>\n\n<ul class=\"wp-block-list\"><li>Qui \u00e9s el responsable del tractament de les vostres dades.<\/li><li>\nPer a quines finalitats demanem les dades que us sol\u00b7licitem.<\/li><li>Quina \u00e9s la legitimaci\u00f3 per al tractament.<\/li><li>Durant quant de temps els conservem.<\/li><li>A quins destinataris es comuniquen les vostres dades.<\/li><li>Quins s\u00f3n els vostres drets.<\/li><\/ul>\n\n<h2 class=\"has-regular-font-size wp-block-heading\">1. Responsable:<\/h2>\n\n<ul class=\"wp-block-list\"><li>Sucitesa, NIF A08763856<\/li><li>P.I. Can Salvatella-Comadr\u00e1n, 31-39 \u2013 Nave A6,Barber\u00e0 del Vall\u00e8s 08210<\/li><li>e-mail: <a href=\"mailto:info@sucitesa.com\">info@sucitesa.com<\/a><\/li><\/ul>\n\n<h2 class=\"has-regular-font-size wp-block-heading\">2. Finalitats, legitimaci\u00f3 i conservaci\u00f3 dels tractaments de les dades enviades a trav\u00e9s de:<\/h2>\n\n<ul class=\"wp-block-list\"><li>FORMULARI DE CONTACTE.<br\/>Finalitat: Facilitar-li un mitj\u00e0 perqu\u00e8 pugui posar-se en contacte amb nosaltres i contestar les seves sol\u00b7licituds d&#8217;informaci\u00f3, aix\u00ed com enviar-li comunicacions dels nostres productes, serveis i activitats, inclusivament per mitjans electr\u00f2nics (Correu electr\u00f2nic, SMS , WhatsApp), si marqueu la casella d&#8217;acceptaci\u00f3.<br\/>Legitimaci\u00f3: El consentiment de l&#8217;usuari en sol\u00b7licitar-nos informaci\u00f3 a trav\u00e9s del nostre formulari de contactes i en marcar la casella d&#8217;acceptaci\u00f3 d&#8217;enviament d&#8217;informaci\u00f3.<br\/>Conservaci\u00f3: Una vegada resulta la vostra sol\u00b7licitud per mitj\u00e0 del nostre formulari o contestada per correu electr\u00f2nic, si no heu generat un nou tractament, i en cas d&#8217;haver acceptat rebre enviaments comercials, fins que sol\u00b7licite la baixa dels mateixos.<\/li><li>FORMULARI DE CONTACTE.<br\/>Finalitat: Facilitar-li un mitj\u00e0 perqu\u00e8 pugui posar-se en contacte amb nosaltres i contestar les seves sol\u00b7licituds d&#8217;informaci\u00f3, aix\u00ed com enviar-li comunicacions dels nostres productes, serveis i activitats, inclusivament per mitjans electr\u00f2nics (Correu electr\u00f2nic, SMS , WhatsApp), si marqueu la casella d&#8217;acceptaci\u00f3.<br\/>Legitimaci\u00f3: El consentiment de l&#8217;usuari en sol\u00b7licitar-nos informaci\u00f3 a trav\u00e9s del nostre formulari de contactes i en marcar la casella d&#8217;acceptaci\u00f3 d&#8217;enviament d&#8217;informaci\u00f3.<br\/>Conservaci\u00f3: Una vegada resulta la vostra sol\u00b7licitud per mitj\u00e0 del nostre formulari o contestada per correu electr\u00f2nic, si no heu generat un nou tractament, i en cas d&#8217;haver acceptat rebre enviaments comercials, fins que sol\u00b7licite la baixa dels mateixos.<\/li><li>ENVIAMENT DEL CURR\u00cdCULUM VITAE PER CORREU ELECTR\u00d2NIC<br\/>Finalitat: Disposar del seu curr\u00edculum per participar en els nostres processos de selecci\u00f3 de personal.<br\/>Legitimaci\u00f3: El consentiment de l&#8217;usuari en remetre&#8217;ns la seva informaci\u00f3 personal i curr\u00edculum per als nostres processos de selecci\u00f3 de personal.<br\/>Conservaci\u00f3: Durant el desenvolupament dels processos de selecci\u00f3 de personal oberts i durant 1 any per a futurs processos.<\/li><\/ul>\n\n<h2 class=\"has-regular-font-size wp-block-heading\">\n3. Destinataris de les vostres dades<\/h2>\n\n<p>Les vostres dades s\u00f3n confidencials i no se cediran a tercers, llevat que hi hagi obligaci\u00f3 legal.<\/p>\n\n<h2 class=\"has-regular-font-size wp-block-heading\">4. Drets en relaci\u00f3 amb les vostres dades personals<\/h2>\n\n<p>Qualsevol persona pot retirar el seu consentiment en qualsevol moment, quan aquest s&#8217;hagi atorgat per al tractament de les dades. En cap cas, la retirada daquest consentiment condiciona lexecuci\u00f3 del contracte de subscripci\u00f3 o les relacions generades amb anterioritat.<\/p>\n\n<p>\nIgualment, pot exercir els drets seg\u00fcents:<\/p>\n\n<ul class=\"wp-block-list\"><li>Sol\u00b7licitar l&#8217;acc\u00e9s a les vostres dades personals o la seva rectificaci\u00f3 quan siguin inexactes.<\/li><li>Sol\u00b7licitar-ne la supressi\u00f3 quan, entre altres motius, les dades ja no siguin necess\u00e0ries per als fins per als quals van ser recollides.<\/li><li>Sol\u00b7licitar la limitaci\u00f3 del tractament en determinades circumst\u00e0ncies.<\/li><li>Sol\u00b7licitar l&#8217;oposici\u00f3 al tractament de les vostres dades per motius relacionats amb la vostra situaci\u00f3 particular.<\/li><li>Sol\u00b7licitar la portabilitat de les dades en els casos previstos a la normativa.<\/li><li>Altres drets reconeguts a les normatives aplicables.<\/li><\/ul>\n\n<p>On i com sol\u00b7licitar els seus Drets: Mitjan\u00e7ant un escrit dirigit al responsable a la seva adre\u00e7a postal o electr\u00f2nica (indicades a l&#8217;apartat A), indicant la refer\u00e8ncia \u201cDades Personals\u201d, especificant el dret que es vol exercir i respecte a quines dades personals.<\/p>\n\n<p>En cas de diverg\u00e8ncies amb l&#8217;empresa en relaci\u00f3 amb el tractament de les vostres dades, podeu presentar una reclamaci\u00f3 davant l&#8217;Autoritat de Protecci\u00f3 de Dades (www.agpd.es).<\/p>\n\n<h2 class=\"has-regular-font-size wp-block-heading\">5. Cookies<\/h2>\n\n<p>Aquesta p\u00e0gina web \u00fanicament utilitza cookies t\u00e8cniques, de personalitzaci\u00f3 i an\u00e0lisi, pr\u00f2pies i de tercers (Google Analytics), que en cap cas tracten dades de car\u00e0cter personal ni capten h\u00e0bits de navegaci\u00f3 per a fins publicitaris.<\/p>\n\n<p>Per aix\u00f2, en accedir a la nostra web, en compliment de l&#8217;article 22 de la Llei de Serveis de la Societat de la Informaci\u00f3, en tractar cookies d&#8217;an\u00e0lisi, us hem sol\u00b7licitat el vostre consentiment per al seu \u00fas i facilitat informaci\u00f3 d&#8217;aquestes, que en tot cas sinstal\u00b7laran passat un termini de temps prudencial perqu\u00e8 lusuari tingui temps de decidir prestar el seu consentiment o no.<\/p>\n\n<h2 class=\"has-regular-font-size wp-block-heading\">6. Seguretat de les vostres dades personals<\/h2>\n\n<p>Amb l&#8217;objectiu de salvaguardar la seguretat de les vostres dades personals, us informem que hem adoptat totes les mesures d&#8217;\u00edndole t\u00e8cnica i organitzativa necess\u00e0ries per garantir la seguretat de les dades personals subministrades de la vostra alteraci\u00f3, p\u00e8rdua, i tractaments o accessos no autoritzats.<\/p>\n\n<h2 class=\"has-regular-font-size wp-block-heading\">7. Actualitzaci\u00f3 de les vostres dades<\/h2>\n\n<p>\u00c9s important que perqu\u00e8 puguem mantenir les seves dades personals actualitzades, ens informi sempre que hi hagi hagut alguna modificaci\u00f3, en cas contrari, no responem de la seva veracitat.<\/p>\n\n<p>No ens fem responsables de la pol\u00edtica de privadesa respecte a les dades personals que pugui facilitar a tercers per mitj\u00e0 dels enlla\u00e7os disponibles a la nostra p\u00e0gina web.<\/p>\n\n<p>Aquesta Pol\u00edtica de Privadesa pot ser modificada per adaptar-les als canvis que es produeixi a la nostra web, aix\u00ed com modificacions legislatives o jurisprudencials sobre dades personals que vagin apareixent, per la qual cosa exigeix \u200b\u200bla seva lectura, cada vegada que ens faciliti les seves dades a trav\u00e9s de aquesta Web.<\/p>\n","protected":false},"excerpt":{"rendered":"<p>La confidencialitat i la seguretat s\u00f3n valors primordials de Sucitesa i, en conseq\u00fc\u00e8ncia, assumim el comprom\u00eds de garantir la privadesa de l&#8217;Usuari en tot moment i de no demanar informaci\u00f3 innecess\u00e0ria. A continuaci\u00f3, us proporcionem tota la informaci\u00f3 necess\u00e0ria sobre la nostra Pol\u00edtica de Privadesa en relaci\u00f3 amb les dades personals que demanem, explicant-vos: Qui [&hellip;]<\/p>\n","protected":false},"author":1,"featured_media":0,"parent":0,"menu_order":0,"comment_status":"closed","ping_status":"closed","template":"","meta":{"_acf_changed":false,"_editorskit_title_hidden":false,"_editorskit_reading_time":0,"_editorskit_is_block_options_detached":false,"_editorskit_block_options_position":"{}","footnotes":""},"class_list":["post-82779","page","type-page","status-publish","hentry"],"acf":[],"_links":{"self":[{"href":"https:\/\/www.sucitesa.com\/ca\/wp-json\/wp\/v2\/pages\/82779","targetHints":{"allow":["GET"]}}],"collection":[{"href":"https:\/\/www.sucitesa.com\/ca\/wp-json\/wp\/v2\/pages"}],"about":[{"href":"https:\/\/www.sucitesa.com\/ca\/wp-json\/wp\/v2\/types\/page"}],"author":[{"embeddable":true,"href":"https:\/\/www.sucitesa.com\/ca\/wp-json\/wp\/v2\/users\/1"}],"replies":[{"embeddable":true,"href":"https:\/\/www.sucitesa.com\/ca\/wp-json\/wp\/v2\/comments?post=82779"}],"version-history":[{"count":1,"href":"https:\/\/www.sucitesa.com\/ca\/wp-json\/wp\/v2\/pages\/82779\/revisions"}],"predecessor-version":[{"id":82780,"href":"https:\/\/www.sucitesa.com\/ca\/wp-json\/wp\/v2\/pages\/82779\/revisions\/82780"}],"wp:attachment":[{"href":"https:\/\/www.sucitesa.com\/ca\/wp-json\/wp\/v2\/media?parent=82779"}],"curies":[{"name":"wp","href":"https:\/\/api.w.org\/{rel}","templated":true}]}}