{"id":82769,"date":"2022-07-18T17:31:27","date_gmt":"2022-07-18T15:31:27","guid":{"rendered":"https:\/\/www.sucitesa.com\/politica-de-cookies\/"},"modified":"2022-08-04T10:02:32","modified_gmt":"2022-08-04T08:02:32","slug":"politica-de-cookies","status":"publish","type":"page","link":"https:\/\/www.sucitesa.com\/ca\/politica-de-cookies\/","title":{"rendered":"Pol\u00edtica de Cookies"},"content":{"rendered":"\n<h2 class=\"has-regular-font-size wp-block-heading\">Qu\u00e8 s\u00f3n les cookies?<\/h2>\n\n<p>Cookie \u00e9s un fitxer que es descarrega en el seu ordinador en accedir a determinades p\u00e0gines web. Les cookies permeten a una p\u00e0gina web, entre altres coses, emmagatzemar i recuperar informaci\u00f3 sobre els h\u00e0bits de navegaci\u00f3 d&#8217;un usuari o del seu equip i, depenent de la informaci\u00f3 que continguin i de la forma en qu\u00e8 utilitzi el seu equip, poden utilitzar-se per a recon\u00e8ixer a l&#8217;usuari. El navegador de l&#8217;usuari memoritza cookies en el disc dur solament durant la sessi\u00f3 actual ocupant un espai de mem\u00f2ria m\u00ednim i no perjudicant l&#8217;ordinador. Les cookies no contenen cap classe d&#8217;informaci\u00f3 personal espec\u00edfica, i la majoria de les mateixes s&#8217;esborren del disc dur en finalitzar la sessi\u00f3 de navegador (les denominades cookies de sessi\u00f3).<\/p>\n\n<p>La majoria dels navegadors accepten com a est\u00e0ndard a les cookies i, amb independ\u00e8ncia d&#8217;aquestes, permeten o impedeixen en els ajustos de seguretat les cookies temporals o memoritzades.<\/p>\n\n<p>Sense el seu expr\u00e9s consentiment \u2013mitjan\u00e7ant l&#8217;activaci\u00f3 de les cookies en el seu navegador\u2013 aquesta p\u00e0gina no enlla\u00e7ar\u00e0 en les cookies les dades memoritzades amb les seves dades personals proporcionades en el moment del registre o la compra.<\/p>\n\n<h2 class=\"has-regular-font-size wp-block-heading\">Quins tipus de cookies utilitza aquesta p\u00e0gina web?<\/h2>\n\n<ul class=\"wp-block-list\"><li>Cookies t\u00e8cniques: S\u00f3n aquelles que permeten a l&#8217;usuari la navegaci\u00f3 a trav\u00e9s d&#8217;una p\u00e0gina web, plataforma o aplicaci\u00f3 i la utilitzaci\u00f3 de les diferents opcions o serveis que en ella existeixin com, per exemple, controlar el tr\u00e0nsit i la comunicaci\u00f3 de dades, identificar la sessi\u00f3, accedir a parts d&#8217;acc\u00e9s restringit, recordar els elements que integren una comanda, realitzar el proc\u00e9s de compra d&#8217;una comanda, realitzar la sol\u00b7licitud d&#8217;inscripci\u00f3 o participaci\u00f3 en un esdeveniment, utilitzar elements de seguretat durant la navegaci\u00f3, emmagatzemar continguts per a la difusi\u00f3 de v\u00eddeos o so o compartir continguts a trav\u00e9s de xarxes socials.<\/li><li>Cookies de personalitzaci\u00f3: S\u00f3n aquelles que permeten a l&#8217;usuari accedir al servei amb algunes caracter\u00edstiques de car\u00e0cter general predefinides en funci\u00f3 d&#8217;una s\u00e8rie de criteris en el terminal de l&#8217;usuari com per exemple serien l&#8217;idioma, el tipus de navegador a trav\u00e9s del qual accedeix al servei, la configuraci\u00f3 regional des d&#8217;on accedeix al servei, etc.<\/li><li>Cookies d&#8217;an\u00e0lisis: S\u00f3n aquelles que ben tractades per nosaltres o per tercers, ens permeten quantificar el nombre d&#8217;usuaris i aix\u00ed realitzar el mesurament i an\u00e0lisi estad\u00edstica de la utilitzaci\u00f3 que fan els usuaris del servei ofert. Per a aix\u00f2 s&#8217;analitza la seva navegaci\u00f3 en la nostra p\u00e0gina web amb la finalitat de millorar l&#8217;oferta de productes o serveis que li oferim.<\/li><li>Cookies publicit\u00e0ries: S\u00f3n aquelles que, ben tractades per nosaltres o per tercers, ens permeten gestionar de la forma m\u00e9s efica\u00e7 possible l&#8217;oferta dels espais publicitaris que hi ha en la p\u00e0gina web, adequant el contingut de l&#8217;anunci al contingut del servei sol\u00b7licitat o a l&#8217;\u00fas que realitzi de la nostra p\u00e0gina web. Per a aix\u00f2 podem analitzar els seus h\u00e0bits de navegaci\u00f3 en Internet i podem mostrar-li publicitat relacionada amb el seu perfil de navegaci\u00f3.<\/li><li>Cookies de publicitat comportamental: S\u00f3n aquelles que permeten la gesti\u00f3, de la forma m\u00e9s efica\u00e7 possible, dels espais publicitaris que, en el seu cas, l&#8217;editor hagi incl\u00f2s en una p\u00e0gina web, aplicaci\u00f3 o plataforma des de la qual presta el servei sol\u00b7licitat. Aquestes cookies emmagatzemen informaci\u00f3 del comportament dels usuaris obtinguda a trav\u00e9s de l&#8217;observaci\u00f3 continuada dels seus h\u00e0bits de navegaci\u00f3, la qual cosa permet desenvolupar un perfil espec\u00edfic per a mostrar publicitat en funci\u00f3 d&#8217;aquest.<\/li><\/ul>\n\n<h2 class=\"has-regular-font-size wp-block-heading\">Cookies de tercers<\/h2>\n\n<p>Aquest lloc web pot utilitzar serveis de tercers que recopilaran informaci\u00f3 amb finalitats estad\u00edstics, d&#8217;\u00fas del Site per part de l&#8217;usuari i per a la prestaci\u00f3 d&#8217;altres serveis relacionats amb l&#8217;activitat del Website i altres serveis d&#8217;Internet.<\/p>\n\n<p>En particular, aquest lloc web utilitza:<\/p>\n\n<ul class=\"wp-block-list\"><li>Les cookies de <a rel=\"noreferrer noopener\" href=\"http:\/\/www.google.com\/intl\/es\/analytics\/privacyoverview.html\" target=\"_blank\">Google Analytics<\/a>: s&#8217;utilitzen amb la finalitat d&#8217;analitzar i mesurar com els visitants usen aquest lloc web. La informaci\u00f3 serveix per a elaborar informes que permeten millorar aquest lloc. Aquestes cookies recopilen informaci\u00f3 en forma an\u00f2nima, incloent-hi el nombre de visitants al lloc, com han arribat al mateix i les p\u00e0gines que va visitar mentre navegava en el nostre lloc web.<\/li><li>Les cookies de <a rel=\"noreferrer noopener\" href=\"https:\/\/support.google.com\/youtube\/answer\/2407785?hl=es-419\" target=\"_blank\">Youtube<\/a>: s&#8217;utilitzen per a comptabilitzar el nombre de visualitzacions dels v\u00eddeos incrustats en altres web.<\/li><li>Les cookies de <a rel=\"noreferrer noopener\" href=\"http:\/\/www.addthis.com\/privacy\" target=\"_blank\">AddThis<\/a>: \u00e9s una empresa tecnol\u00f2gica que permet als llocs web i als seus usuaris compartir f\u00e0cilment el contingut amb els altres, a trav\u00e9s d&#8217;icones d&#8217;intercanvi i dels destins de bookmarking social. Les cookies AddThis s&#8217;utilitzen amb la finalitat d&#8217;habilitar el contingut per a ser compartit. AddThis tamb\u00e9 s&#8217;utilitza per a recopilar informaci\u00f3 sobre com es comparteix contingut del lloc web. Les cookies ajuden a identificar de manera \u00fanica a un usuari (encara que no de manera personal, sin\u00f3 quant a direcci\u00f3) per a no repetir tasques dins d&#8217;un per\u00edode de temps especificat.<\/li><li>Altres cookies de personalitzaci\u00f3: Aquestes cookies permeten a l&#8217;usuari especificar o personalitzar algunes caracter\u00edstiques de les opcions generals de la p\u00e0gina web. Per exemple, definir l&#8217;idioma, configuraci\u00f3 regional o tipus de navegador.<ul><li><a rel=\"noreferrer noopener\" href=\"http:\/\/www.addthis.com\/privacy\" target=\"_blank\">Addthis<\/a><\/li><li><a href=\"https:\/\/es-es.facebook.com\/help\/cookies\" target=\"_blank\" rel=\"noreferrer noopener\">Facebook<\/a><\/li><li><a href=\"https:\/\/twitter.com\/privacy\" target=\"_blank\" rel=\"noreferrer noopener\">Twitter<\/a><\/li><li><a href=\"http:\/\/www.google.es\/intl\/es\/policies\/technologies\/types\/\" target=\"_blank\" rel=\"noreferrer noopener\">Google<\/a><\/li><li><a href=\"https:\/\/support.google.com\/youtube\/answer\/2407785?hl=es-419\" target=\"_blank\" rel=\"noreferrer noopener\">YouTube <\/a><\/li><\/ul><\/li><\/ul>\n\n<p>L&#8217;Usuari accepta expressament, per la utilitzaci\u00f3 d&#8217;aquest Site, el tractament de la informaci\u00f3 recaptada en la forma i amb els fins anteriorment esmentats. I aix\u00ed mateix reconeix con\u00e8ixer la possibilitat de rebutjar el tractament de tals dades o informaci\u00f3 rebutjant l&#8217;\u00fas de Cookies mitjan\u00e7ant la selecci\u00f3 de la configuraci\u00f3 apropiada a tal fi en el seu navegador. Si b\u00e9 aquesta opci\u00f3 de bloqueig de Cookies en el seu navegador pot no permetre-li l&#8217;\u00fas ple de totes les funcionalitats del Website.<\/p>\n\n<p>Pot permetre, bloquejar o eliminar les cookies instal\u00b7lades en el seu equip mitjan\u00e7ant la configuraci\u00f3 de les opcions del navegador instal\u00b7lat en el seu ordinador:<\/p>\n\n<ul class=\"wp-block-list\"><li><a href=\"http:\/\/support.google.com\/chrome\/bin\/answer.py?hl=es&amp;answer=95647\" target=\"_blank\" rel=\"noreferrer noopener\">Chrome<\/a><\/li><li><a href=\"http:\/\/windows.microsoft.com\/es-es\/windows7\/how-to-manage-cookies-in-internet-explorer-9\" target=\"_blank\" rel=\"noreferrer noopener\">Explorer<\/a><\/li><li><a href=\"http:\/\/support.mozilla.org\/es\/kb\/habilitar-y-deshabilitar-cookies-que-los-sitios-we\" target=\"_blank\" rel=\"noreferrer noopener\">Firefox<\/a><\/li><li><a href=\"http:\/\/support.apple.com\/kb\/ph5042\" target=\"_blank\" rel=\"noreferrer noopener\">Safari<\/a><\/li><\/ul>\n\n<p>Si t\u00e9 dubtes sobre aquesta pol\u00edtica de cookies, pot contactar amb nosaltres a <a href=\"mailto:info@sucitesa.com\">info@sucitesa.com<\/a><\/p>\n","protected":false},"excerpt":{"rendered":"<p>Qu\u00e8 s\u00f3n les cookies? Cookie \u00e9s un fitxer que es descarrega en el seu ordinador en accedir a determinades p\u00e0gines web. Les cookies permeten a una p\u00e0gina web, entre altres coses, emmagatzemar i recuperar informaci\u00f3 sobre els h\u00e0bits de navegaci\u00f3 d&#8217;un usuari o del seu equip i, depenent de la informaci\u00f3 que continguin i de [&hellip;]<\/p>\n","protected":false},"author":1,"featured_media":0,"parent":0,"menu_order":0,"comment_status":"closed","ping_status":"closed","template":"","meta":{"_acf_changed":false,"_editorskit_title_hidden":false,"_editorskit_reading_time":0,"_editorskit_is_block_options_detached":false,"_editorskit_block_options_position":"{}","footnotes":""},"class_list":["post-82769","page","type-page","status-publish","hentry"],"acf":[],"_links":{"self":[{"href":"https:\/\/www.sucitesa.com\/ca\/wp-json\/wp\/v2\/pages\/82769","targetHints":{"allow":["GET"]}}],"collection":[{"href":"https:\/\/www.sucitesa.com\/ca\/wp-json\/wp\/v2\/pages"}],"about":[{"href":"https:\/\/www.sucitesa.com\/ca\/wp-json\/wp\/v2\/types\/page"}],"author":[{"embeddable":true,"href":"https:\/\/www.sucitesa.com\/ca\/wp-json\/wp\/v2\/users\/1"}],"replies":[{"embeddable":true,"href":"https:\/\/www.sucitesa.com\/ca\/wp-json\/wp\/v2\/comments?post=82769"}],"version-history":[{"count":1,"href":"https:\/\/www.sucitesa.com\/ca\/wp-json\/wp\/v2\/pages\/82769\/revisions"}],"predecessor-version":[{"id":82770,"href":"https:\/\/www.sucitesa.com\/ca\/wp-json\/wp\/v2\/pages\/82769\/revisions\/82770"}],"wp:attachment":[{"href":"https:\/\/www.sucitesa.com\/ca\/wp-json\/wp\/v2\/media?parent=82769"}],"curies":[{"name":"wp","href":"https:\/\/api.w.org\/{rel}","templated":true}]}}