{"id":82759,"date":"2022-07-18T17:32:53","date_gmt":"2022-07-18T15:32:53","guid":{"rendered":"https:\/\/www.sucitesa.com\/nota-legal\/"},"modified":"2022-08-04T10:02:32","modified_gmt":"2022-08-04T08:02:32","slug":"nota-legal","status":"publish","type":"page","link":"https:\/\/www.sucitesa.com\/ca\/nota-legal\/","title":{"rendered":"Nota legal"},"content":{"rendered":"\n<h2 class=\"has-regular-font-size wp-block-heading\">Dades fiscals<\/h2>\n\n<p>Titular: SUCITESA<br\/>NIF: A08763856<br\/>Adre\u00e7a: P.I. Can Salvatella-Comadr\u00e1n, 31-39 \u2013 Nave A6,Barber\u00e0 del Vall\u00e8s 08210<br\/>Tel\u00e8fon: 937 19 54 30<\/p>\n\n<h2 class=\"has-regular-font-size wp-block-heading\">Protecci\u00f3 de dades personals<\/h2>\n\n<p>Les dades de car\u00e0cter personal que es recullen a trav\u00e9s de la p\u00e0gina web, s\u00f3n \u00fanicament utilitzats a l\u2019efecte de prestar els serveis sol\u00b7licitats aix\u00ed com procedir a la facturaci\u00f3 d\u2019aquests. Les seves dades seran situades en fitxers titularitat de SUCITESA a l\u2019efecte de facturaci\u00f3 i seran arxivats pel per\u00edode de temps legalment necessari. Vost\u00e8 podr\u00e0 exercir els drets d\u2019acc\u00e9s, rectificaci\u00f3, cancel\u00b7laci\u00f3 i oposici\u00f3 per escrit a SUCITESA a P.I. Can Salvatella-Comadr\u00e1n, 31-39 \u2013 Nau A6, Barber\u00e0 del Vall\u00e8s 08210.<\/p>\n\n<h2 class=\"has-regular-font-size wp-block-heading\">Propietat intel\u00b7lectual i responsabilitat sobre els continguts<\/h2>\n\n<p>Queda prohibit qualsevol \u00fas de tots els continguts de la p\u00e0gina web, concretament sobre els textos, disseny i codi font, sense l\u2019autoritzaci\u00f3 expressa dels seus titulars. Qualsevol \u00fas no perm\u00e8s ser\u00e0 degudament perseguit pels leg\u00edtims propietaris.<\/p>\n\n<p>El titular de la p\u00e0gina web no es fa responsable dels continguts als quals es dirigeixen els enlla\u00e7os situats en aquesta, segons el que estableix l\u2019article 17 de la LSSICE.<\/p>\n","protected":false},"excerpt":{"rendered":"<p>Dades fiscals Titular: SUCITESANIF: A08763856Adre\u00e7a: P.I. Can Salvatella-Comadr\u00e1n, 31-39 \u2013 Nave A6,Barber\u00e0 del Vall\u00e8s 08210Tel\u00e8fon: 937 19 54 30 Protecci\u00f3 de dades personals Les dades de car\u00e0cter personal que es recullen a trav\u00e9s de la p\u00e0gina web, s\u00f3n \u00fanicament utilitzats a l\u2019efecte de prestar els serveis sol\u00b7licitats aix\u00ed com procedir a la facturaci\u00f3 d\u2019aquests. Les [&hellip;]<\/p>\n","protected":false},"author":1,"featured_media":0,"parent":0,"menu_order":0,"comment_status":"closed","ping_status":"closed","template":"","meta":{"_acf_changed":false,"_editorskit_title_hidden":false,"_editorskit_reading_time":0,"_editorskit_is_block_options_detached":false,"_editorskit_block_options_position":"{}","footnotes":""},"class_list":["post-82759","page","type-page","status-publish","hentry"],"acf":[],"_links":{"self":[{"href":"https:\/\/www.sucitesa.com\/ca\/wp-json\/wp\/v2\/pages\/82759","targetHints":{"allow":["GET"]}}],"collection":[{"href":"https:\/\/www.sucitesa.com\/ca\/wp-json\/wp\/v2\/pages"}],"about":[{"href":"https:\/\/www.sucitesa.com\/ca\/wp-json\/wp\/v2\/types\/page"}],"author":[{"embeddable":true,"href":"https:\/\/www.sucitesa.com\/ca\/wp-json\/wp\/v2\/users\/1"}],"replies":[{"embeddable":true,"href":"https:\/\/www.sucitesa.com\/ca\/wp-json\/wp\/v2\/comments?post=82759"}],"version-history":[{"count":1,"href":"https:\/\/www.sucitesa.com\/ca\/wp-json\/wp\/v2\/pages\/82759\/revisions"}],"predecessor-version":[{"id":82760,"href":"https:\/\/www.sucitesa.com\/ca\/wp-json\/wp\/v2\/pages\/82759\/revisions\/82760"}],"wp:attachment":[{"href":"https:\/\/www.sucitesa.com\/ca\/wp-json\/wp\/v2\/media?parent=82759"}],"curies":[{"name":"wp","href":"https:\/\/api.w.org\/{rel}","templated":true}]}}