{"id":1250071,"date":"2025-01-21T13:27:21","date_gmt":"2025-01-21T12:27:21","guid":{"rendered":"https:\/\/www.sucitesa.com\/?page_id=1250071"},"modified":"2025-01-24T14:33:02","modified_gmt":"2025-01-24T13:33:02","slug":"preguntes-frequents-sobre-sostenibilitat-en-la-neteja-professional","status":"publish","type":"page","link":"https:\/\/www.sucitesa.com\/ca\/preguntes-frequents-sobre-sostenibilitat-en-la-neteja-professional\/","title":{"rendered":"Preguntes freq\u00fcents sobre sostenibilitat en la neteja professional"},"content":{"rendered":"\n<p><\/p>\n\n\n\n<h3 class=\"wp-block-heading\">Certeses davant del greenwashing.<\/h3>\n\n\n<p>El &#8220;greenwashing&#8221; o ecopostureig \u00e9s una pr\u00e0ctica en qu\u00e8 algunes empreses fan afirmacions enganyoses sobre la sostenibilitat dels seus productes per atraure consumidors preocupats pel medi ambient. Per combatre aquesta desinformaci\u00f3, \u00e9s fonamental educar els clients i proporcionar-los eines per identificar productes realment sostenibles.<br \/>Hem recopilat les preguntes m\u00e9s freq\u00fcents sobre sostenibilitat en la neteja professional per ajudar-te a prendre decisions informades. Descobreix com SUCITESA es compromet amb pr\u00e0ctiques reals i verificables.<\/p>\n\n\n<hr class=\"wp-block-separator has-alpha-channel-opacity\"\/>\n\n\n\n<p><\/p>\n\n\n\n<h4 class=\"wp-block-heading\"><strong>1. Els productes sostenibles s\u00f3n m\u00e9s cars?<\/strong><\/h4>\n\n\n\n<p>Els productes sostenibles no tenen per qu\u00e8 ser m\u00e9s cars que els convencionals. La innovaci\u00f3 i el disseny eficient permeten oferir productes sostenibles a preus competitius. A SUCITESA, hem desenvolupat gammes com NATURSAFE que combinen qualitat, sostenibilitat i una excel\u00b7lent relaci\u00f3 qualitat-preu, ajudant a optimitzar recursos i reduir costos.<\/p>\n\n\n\n<p><\/p>\n\n\n\n<hr class=\"wp-block-separator has-alpha-channel-opacity\"\/>\n\n\n\n<h3 class=\"wp-block-heading\"><strong>2. Qu\u00e8 significa que un producte de neteja sigui biodegradable?<\/strong><\/h3>\n\n\n\n<p>La biodegradabilitat d\u2019un producte de neteja indica la seva capacitat per descompondre\u2019s de forma natural, convertint-se en subst\u00e0ncies m\u00e9s simples i no nocives per al medi ambient.<\/p>\n\n\n\n<p>Els detergents, gr\u00e0cies als tensioactius (el seu component principal), compleixen un paper clau en la neteja de superf\u00edcies. Un cop utilitzats, aquests productes, juntament amb la brut\u00edcia eliminada, arriben a la xarxa d\u2019aig\u00fces residuals fins a les depuradores i finalment a l\u2019ecosistema aqu\u00e0tic. A la natura, hi ha diferents mecanismes per descompondre aquestes subst\u00e0ncies. Aquests inclouen m\u00e8todes fisicoqu\u00edmics, com l\u2019oxidaci\u00f3 i l\u2019absorci\u00f3, aix\u00ed com processos de biodegradaci\u00f3 que depenen de microorganismes vius. Quan un producte \u00e9s biodegradable, el seu impacte ambiental \u00e9s menor, ja que pot integrar-se al medi ambient sense deixar residus persistents ni t\u00f2xics.<\/p>\n\n\n\n<p><\/p>\n\n\n\n<hr class=\"wp-block-separator has-alpha-channel-opacity\"\/>\n\n\n\n<h3 class=\"wp-block-heading\"><strong>3. Tots els productes de neteja s\u00f3n biodegradables?<\/strong><\/h3>\n\n\n\n<p>El Reglament europeu (CE) 648\/2004 estableix les normes que han de complir els detergents i tensioactius per garantir una elevada protecci\u00f3 del medi ambient i de la salut humana. Els tensioactius utilitzats en les f\u00f3rmules han de tenir una biodegradabilitat final del 60% en un termini de 28 dies.<\/p>\n\n\n\n<p><\/p>\n\n\n\n<hr class=\"wp-block-separator has-alpha-channel-opacity\"\/>\n\n\n\n<h3 class=\"wp-block-heading\"><strong>4. Com distingir un producte realment ecol\u00f2gic del greenwashing?<\/strong><\/h3>\n\n\n\n<p>Busca productes amb certificacions reconegudes en el sector de la higiene professional, com el segell ECOLABEL, o fabricants que disposin d\u2019un Sistema de Gesti\u00f3 Ambiental ISO 14001, una norma internacional que assegura un comprom\u00eds real amb la sostenibilitat. A SUCITESA, les nostres certificacions avalen les nostres pr\u00e0ctiques transparents i sostenibles, eliminant qualsevol dubte sobre l\u2019autenticitat dels nostres productes.<\/p>\n\n\n\n<p><\/p>\n\n\n\n<hr class=\"wp-block-separator has-alpha-channel-opacity\"\/>\n\n\n\n<h3 class=\"wp-block-heading\"><strong>5. Quines certificacions garanteixen la sostenibilitat dels productes de neteja?<\/strong><\/h3>\n\n\n\n<p>Certificacions com ECOLABEL i ISO 14001 s\u00f3n essencials. Aquestes acreditacions internacionals avalen que els productes compleixen amb rigorosos criteris de sostenibilitat i qualitat.<\/p>\n\n\n\n<p><\/p>\n\n\n\n<figure class=\"wp-block-image size-large\"><img decoding=\"async\" width=\"1024\" height=\"210\" src=\"https:\/\/www.sucitesa.com\/wp-content\/uploads\/SOSTENIBILIDAD-01-1024x210.jpg\" alt=\"\" class=\"wp-image-1247065\" srcset=\"https:\/\/www.sucitesa.com\/wp-content\/uploads\/SOSTENIBILIDAD-01-1024x210.jpg 1024w, https:\/\/www.sucitesa.com\/wp-content\/uploads\/SOSTENIBILIDAD-01-300x61.jpg 300w, https:\/\/www.sucitesa.com\/wp-content\/uploads\/SOSTENIBILIDAD-01-768x157.jpg 768w, https:\/\/www.sucitesa.com\/wp-content\/uploads\/SOSTENIBILIDAD-01-1536x314.jpg 1536w, https:\/\/www.sucitesa.com\/wp-content\/uploads\/SOSTENIBILIDAD-01-2048x419.jpg 2048w\" sizes=\"(max-width: 1024px) 100vw, 1024px\" \/><\/figure>\n\n\n\n<hr class=\"wp-block-separator has-alpha-channel-opacity\"\/>\n\n\n\n<p><\/p>\n\n\n\n<h4 class=\"wp-block-heading\"><strong>6. Quins avantatges tenen els sistemes de neteja concentrats?<\/strong><\/h4>\n\n\n\n<p>Des d\u2019una perspectiva mediambiental, els sistemes de neteja que utilitzen productes concentrats ofereixen m\u00faltiples beneficis significatius:<\/p>\n\n\n\n<p><strong>Menor generaci\u00f3 de residus:<\/strong> Els envasos concentrats s\u00f3n reutilitzables i reciclables, alineats amb els principis d\u2019economia circular.<\/p>\n\n\n\n<p><strong>Major personalitzaci\u00f3 i versatilitat:<\/strong> Permeten ajustar la concentraci\u00f3 segons la necessitat i tipus de neteja, optimitzant recursos i millorant resultats.<\/p>\n\n\n\n<p><strong>Reducci\u00f3 de l\u2019\u00fas de pl\u00e0stics:<\/strong> Amb menys envasos per a la mateixa neteja efectiva. A SUCITESA, el sistema EASYMIX redueix l\u2019\u00fas de pl\u00e0stic en m\u00e9s d\u2019un 85%.<\/p>\n\n\n\n<p><strong>Disminuci\u00f3 d\u2019emissions de CO\u2082:<\/strong> Els productes concentrats ocupen menys espai durant el transport, reduint les emissions associades.<\/p>\n\n\n\n<p><strong>Optimitzaci\u00f3 de recursos:<\/strong> Diluir els productes segons la necessitat evita malbarataments, maximitzant el rendiment per unitat.<\/p>\n\n\n\n<hr class=\"wp-block-separator has-alpha-channel-opacity\"\/>\n\n\n\n<p><\/p>\n\n\n\n<h4 class=\"wp-block-heading\">7. <strong>Qu\u00e8 fa SUCITESA per reduir la seva petjada de carboni?<\/strong><\/h4>\n\n\n\n<p>Enfoquem la nostra activitat cap a l\u2019\u00fas de productes concentrats, d\u2019envasos pl\u00e0stics monocapa de f\u00e0cil reciclabilitat i promovem la reutilitzaci\u00f3 i el reciclatge d\u2019envasos. Mitjan\u00e7ant processos de fabricaci\u00f3 optimitzats, redu\u00efm les nostres emissions. La nostra fabricaci\u00f3 eficient i el disseny innovador minimitzen l\u2019energia utilitzada i l\u2019impacte ambiental.<\/p>\n\n\n\n<hr class=\"wp-block-separator has-alpha-channel-opacity\"\/>\n\n\n\n<p><\/p>\n\n\n\n<ol start=\"8\" class=\"wp-block-list\">\n<li>8. <strong>Qu\u00e8 \u00e9s l\u2019ecodisseny i com l\u2019aplica SUCITESA?<\/strong><\/li>\n<\/ol>\n\n\n\n<p>L\u2019ecodisseny incorpora criteris ambientals des de la formulaci\u00f3 fins a l\u2019\u00fas i eliminaci\u00f3 del producte. A SUCITESA, fem servir ingredients que compleixen els reglaments europeus que estableixen les normes que han de complir els tensioactius per garantir una alta protecci\u00f3 del medi ambient i de la salut humana. Utilitzem envasos reutilitzables, f\u00e0cilment reciclables i sistemes que eviten el malbaratament de producte.<\/p>\n\n\n\n<hr class=\"wp-block-separator has-alpha-channel-opacity\"\/>\n\n\n\n<ol start=\"9\" class=\"wp-block-list\">\n<li><\/li>\n\n\n\n<li><strong>9. Per qu\u00e8 triar productes certificats amb ECOLABEL?<\/strong><\/li>\n<\/ol>\n\n\n\n<p>Optar per productes certificats amb ECOLABEL no nom\u00e9s \u00e9s una decisi\u00f3 conscient cap a la sostenibilitat, sin\u00f3 tamb\u00e9 una garantia de qualitat i responsabilitat mediambiental. ECOLABEL \u00e9s una certificaci\u00f3 europea reconeguda que avalua rigorosament el cicle de vida dels productes, des de la seva fabricaci\u00f3 fins a la seva eliminaci\u00f3, assegurant que compleixen criteris estrictes de sostenibilitat i efic\u00e0cia.<\/p>\n\n\n\n<p>Un producte amb el segell ECOLABEL garanteix que la seva f\u00f3rmula \u00e9s biodegradable i t\u00e9 un baix impacte en els ecosistemes aqu\u00e0tics, contribuint a la preservaci\u00f3 de la biodiversitat. A m\u00e9s, aquests productes estan dissenyats per minimitzar l\u2019\u00fas de subst\u00e0ncies t\u00f2xiques, protegint tant els usuaris com el medi ambient. Tamb\u00e9 s\u00f3n sotmesos a proves d\u2019efic\u00e0cia per assegurar que ofereixen resultats de gran qualitat, evitant la necessitat d\u2019utilitzar quantitats excessives de producte.<\/p>\n\n\n\n<p>Des del punt de vista empresarial, triar productes certificats amb ECOLABEL pot ser un avantatge competitiu. Ajuda les empreses a complir amb regulacions ambientals i, en sectors com l\u2019hoteler o el de serveis, facilita l\u2019obtenci\u00f3 de reconeixements com Green Key, que exigeixen l\u2019\u00fas de productes ecol\u00f2gics en un alt percentatge de les seves operacions. Aix\u00f2 refor\u00e7a la reputaci\u00f3 de sostenibilitat de les organitzacions.<\/p>\n\n\n\n<p><\/p>\n\n\n\n<hr class=\"wp-block-separator has-alpha-channel-opacity\"\/>\n\n\n\n<ol start=\"10\" class=\"wp-block-list\">\n<li><strong>10.<\/strong> <strong>Quins beneficis tenen els productes vegans en la neteja professional?<\/strong><\/li>\n<\/ol>\n\n\n\n<p>Els productes vegans per a la neteja professional ofereixen m\u00faltiples beneficis tant des d\u2019una perspectiva \u00e8tica com mediambiental i operativa. Estan formulats sense ingredients d\u2019origen animal i no s\u00f3n provats en animals, alineant-se amb els valors de sostenibilitat i respecte cap a totes les formes de vida. Aquest enfocament no nom\u00e9s redueix l\u2019explotaci\u00f3 animal, sin\u00f3 que tamb\u00e9 minimitza l\u2019impacte ambiental, ja que moltes de les mat\u00e8ries primeres utilitzades en els productes vegans s\u00f3n d\u2019origen vegetal i renovable.<\/p>\n\n\n\n<p>Per als usuaris i empreses, aquests productes s\u00f3n una opci\u00f3 segura i saludable.<\/p>\n\n\n\n<p>A nivell de marca, les empreses que adopten productes vegans reforcen la seva imatge de responsabilitat social i ambiental. Els consumidors estan cada cop m\u00e9s informats i valoren les pr\u00e0ctiques sostenibles i \u00e8tiques. Incorporar productes vegans en les operacions de neteja pot ser un diferenciador significatiu per a les empreses que busquen destacar en un mercat competitiu.<\/p>\n\n\n\n<div data-wp-interactive=\"core\/file\" class=\"wp-block-file\"><object data-wp-bind--hidden=\"!state.hasPdfPreview\" hidden class=\"wp-block-file__embed\" data=\"https:\/\/www.sucitesa.com\/wp-content\/uploads\/PRODUCTOS-VEGANOS-ESP.pdf\" type=\"application\/pdf\" style=\"width:100%;height:600px\" aria-label=\"Incrustaci\u00f3 del fitxer PRODUCTOS VEGANOS ESP.\"><\/object><a id=\"wp-block-file--media-ff1ee46a-a873-4415-a697-80f6f9e2a404\" href=\"https:\/\/www.sucitesa.com\/wp-content\/uploads\/PRODUCTOS-VEGANOS-ESP.pdf\">PRODUCTOS VEGANOS ESP<\/a><a href=\"https:\/\/www.sucitesa.com\/wp-content\/uploads\/PRODUCTOS-VEGANOS-ESP.pdf\" class=\"wp-block-file__button wp-element-button\" download aria-describedby=\"wp-block-file--media-ff1ee46a-a873-4415-a697-80f6f9e2a404\">Descarga<\/a><\/div>\n\n\n\n<hr class=\"wp-block-separator has-alpha-channel-opacity\"\/>\n\n\n\n<p>11. <strong>Com ajuda SUCITESA a les empreses a complir amb certificacions com Green Key?<\/strong><\/p>\n\n\n\n<p>SUCITESA ofereix solucions espec\u00edfiques i adaptades perqu\u00e8 les empreses puguin complir amb els estrictes requisits mediambientals de certificacions com Green Key, un dels eco-certificats m\u00e9s importants per a allotjaments tur\u00edstics i centres relacionats. Aquest reconeixement exigeix que almenys el 75% dels productes utilitzats en les operacions de neteja di\u00e0ria comptin amb certificacions ecol\u00f2giques, com ECOLABEL, i que s\u2019adoptin pr\u00e0ctiques que minimitzin l\u2019impacte ambiental.<\/p>\n\n\n\n<p>Les nostres gammes de productes, com NATURSAFE i el sistema de dosificaci\u00f3 EASYMIX, estan dissenyades per complir i superar aquests est\u00e0ndards. Els productes NATURSAFE compten amb la certificaci\u00f3 ECOLABEL, que garanteix la seva biodegradabilitat, baixa toxicitat aqu\u00e0tica i efic\u00e0cia provada. Aquestes f\u00f3rmules estan desenvolupades amb ingredients naturals que respecten tant el medi ambient com la salut dels usuaris, oferint un rendiment superior sense comprometre la sostenibilitat.<\/p>\n\n\n\n<p>Per un altre costat, el sistema EASYMIX permet a les empreses optimitzar l\u2019\u00fas de productes concentrats, minimitzant el malbaratament i reduint significativament la generaci\u00f3 de residus pl\u00e0stics. Aquest innovador sistema modular ofereix una dosificaci\u00f3 precisa, assegurant que nom\u00e9s s\u2019utilitzi la quantitat necess\u00e0ria de producte, cosa que ajuda a disminuir el consum d\u2019aigua i qu\u00edmics. A m\u00e9s, la reducci\u00f3 en l\u2019\u00fas d\u2019envasos pl\u00e0stics i el disseny compacte dels productes facilita la log\u00edstica, reduint les emissions de CO2 associades al transport.<\/p>\n\n\n\n<div data-wp-interactive=\"core\/file\" class=\"wp-block-file\"><object data-wp-bind--hidden=\"!state.hasPdfPreview\" hidden class=\"wp-block-file__embed\" data=\"https:\/\/www.sucitesa.com\/wp-content\/uploads\/GREEN-KEY_ESP-1.pdf\" type=\"application\/pdf\" style=\"width:100%;height:600px\" aria-label=\"Incrustaci\u00f3 del fitxer _GREEN KEY_ESP.\"><\/object><a id=\"wp-block-file--media-be92976f-5ea4-4c8a-9245-feab264a5994\" href=\"https:\/\/www.sucitesa.com\/wp-content\/uploads\/GREEN-KEY_ESP-1.pdf\">_GREEN KEY_ESP<\/a><a href=\"https:\/\/www.sucitesa.com\/wp-content\/uploads\/GREEN-KEY_ESP-1.pdf\" class=\"wp-block-file__button wp-element-button\" download aria-describedby=\"wp-block-file--media-be92976f-5ea4-4c8a-9245-feab264a5994\">Descarga<\/a><\/div>\n\n\n\n<hr class=\"wp-block-separator has-alpha-channel-opacity\"\/>\n\n\n\n<p><\/p>\n\n\n\n<h4 class=\"wp-block-heading\"><strong>12. Quina difer\u00e8ncia hi ha entre un producte ecol\u00f2gic i un de convencional?<\/strong><\/h4>\n\n\n\n<p>Un producte amb certificaci\u00f3 ecol\u00f2gica i un de convencional es diferencien principalment en la seva composici\u00f3 i finalitat d\u2019\u00fas. Els productes ecol\u00f2gics amb certificaci\u00f3 ECOLABEL han de complir uns criteris espec\u00edfics establerts per la Uni\u00f3 Europea. Entre aquests, hi ha una selecci\u00f3 acurada d\u2019ingredients que no generin un producte final t\u00f2xic, perill\u00f3s per al medi ambient o mutag\u00e8nic. Un cop formulats, aquests productes s\u00f3n sotmesos a proves d\u2019efic\u00e0cia per un laboratori independent que els compara amb altres productes de caracter\u00edstiques similars. Si el producte ecol\u00f2gic \u00e9s millor o igual que el similar, se li concedeix la certificaci\u00f3 ECOLABEL. Els productes ecol\u00f2gics s\u00f3n formulats per a la neteja del dia a dia, mentre que els productes convencionals, que no estan sotmesos a aquests requisits particulars, serveixen per a tot tipus de neteges, des de neteges a fons, desinfecci\u00f3 de superf\u00edcies aliment\u00e0ries i sanit\u00e0ries, tractament de paviments o ambientaci\u00f3 d\u2019estances.<\/p>\n\n\n\n<p><strong>Responsabilitat social:<\/strong> Els productes amb certificaci\u00f3 ecol\u00f2gica reflecteixen un comprom\u00eds \u00e8tic amb el medi ambient i les generacions futures. A m\u00e9s, moltes vegades s\u00f3n desenvolupats sota models d\u2019economia circular, promovent la reutilitzaci\u00f3 i el reciclatge.<\/p>\n\n\n\n<p><strong>Composici\u00f3:<\/strong> Els productes amb certificaci\u00f3 ecol\u00f2gica estan formulats amb ingredients que compleixen els reglaments europeus que estableixen les normes que han de complir els detergents i tensioactius quant a biodegradabilitat i tamb\u00e9 d\u2019origen natural, seguint uns criteris particulars. En canvi, els productes convencionals poden incloure altres tipus de compostos qu\u00edmics m\u00e9s potents i de major perillositat, sempre que compleixin amb la normativa vigent.<\/p>\n\n\n\n<p><strong>Certificacions:<\/strong> Els productes realment ecol\u00f2gics han de comptar amb segells com ECOLABEL, que garanteixen el compliment de criteris estrictes en termes de biodegradabilitat, efici\u00e8ncia energ\u00e8tica en la seva producci\u00f3 i seguretat per a l\u2019usuari. Els productes convencionals, tot i que han de complir amb la normativa legal vigent, no estan subjectes a aquests requisits particulars i poden complir o no amb est\u00e0ndards ambientals rigorosos.<\/p>\n\n\n\n<p><strong>Seguretat per a l\u2019usuari:<\/strong> Els productes amb certificaci\u00f3 ecol\u00f2gica solen ser m\u00e9s segurs per a les persones, especialment per a aquelles que tenen la pell sensible o estan en contacte freq\u00fcent amb productes qu\u00edmics, ja que estan formulats per a neteges di\u00e0ries, amb ingredients m\u00e9s suaus. Els productes convencionals, per la seva finalitat com a netejadors a fons o per a brut\u00edcies dif\u00edcils, contenen ingredients m\u00e9s potents, que poden tenir un major risc per a l\u2019usuari.<\/p>\n\n\n\n<p><\/p>\n\n\n\n<hr class=\"wp-block-separator has-alpha-channel-opacity\"\/>\n\n\n\n<ol start=\"13\" class=\"wp-block-list\">\n<li><strong>13. Per qu\u00e8 l\u2019economia circular \u00e9s clau en la neteja professional?<\/strong><\/li>\n<\/ol>\n\n\n\n<p>L\u2019economia circular \u00e9s fonamental en la neteja professional perqu\u00e8 promou un \u00fas eficient i sostenible dels recursos, alineant les pr\u00e0ctiques empresarials amb les necessitats ambientals actuals i futures. Aquest model econ\u00f2mic es basa a maximitzar la vida \u00fatil dels materials, minimitzar els residus i reduir la depend\u00e8ncia de recursos naturals finits, transformant la manera en qu\u00e8 es produeixen i consumeixen tots els productes de neteja, tant els ecol\u00f2gics com els convencionals.<\/p>\n\n\n\n<p><\/p>\n\n\n\n<hr class=\"wp-block-separator has-alpha-channel-opacity\"\/>\n\n\n\n<ol start=\"14\" class=\"wp-block-list\">\n<li><strong>14. Com garanteix SUCITESA l\u2019efic\u00e0cia dels seus productes sostenibles?<\/strong><\/li>\n<\/ol>\n\n\n\n<p>SUCITESA combina innovaci\u00f3, ci\u00e8ncia i comprom\u00eds ambiental per garantir que les nostres f\u00f3rmules sostenibles siguin eficaces, oferint resultats \u00f2ptims en neteja professional sense comprometre la sostenibilitat. A trav\u00e9s d\u2019un enfocament integral i certificacions reconegudes, assegurem que tots els nostres productes compleixen amb els m\u00e9s alts est\u00e0ndards de qualitat i rendiment.<\/p>\n\n\n\n<p><\/p>\n\n\n\n<hr class=\"wp-block-separator has-alpha-channel-opacity\"\/>\n\n\n\n<ol start=\"15\" class=\"wp-block-list\">\n<li><strong>15. Quin impacte t\u00e9 el disseny dels envasos en la sostenibilitat?<\/strong><\/li>\n<\/ol>\n\n\n\n<p>El disseny dels envasos juga un paper crucial en la sostenibilitat, ja que influeix directament en la quantitat de residus generats, l\u2019\u00fas de recursos naturals i les emissions de carboni associades al transport i producci\u00f3. Un enfocament sostenible en el disseny d\u2019envasos no nom\u00e9s redueix l\u2019impacte ambiental, sin\u00f3 que tamb\u00e9 fomenta pr\u00e0ctiques responsables en tota la cadena de subministrament.<\/p>\n\n\n\n<p><strong>Contribuci\u00f3 al compliment de normatives ambientals:<\/strong> El disseny sostenible dels envasos ajuda les empreses a complir amb regulacions cada cop m\u00e9s estrictes en mat\u00e8ria de gesti\u00f3 de residus i sostenibilitat, enfortint la seva reputaci\u00f3 i comprom\u00eds ambiental.<\/p>\n\n\n\n<p><strong>Reducci\u00f3 de l\u2019\u00fas de materials:<\/strong> Dissenyar envasos m\u00e9s lleugers i compactes, com els desenvolupats per SUCITESA, disminueix l\u2019\u00fas de pl\u00e0stic i altres materials. Per exemple, els envasos monocapa milloren la reciclabilitat, optimitzen l\u2019\u00fas de recursos i generen menys residus.<\/p>\n\n\n\n<p><strong>Promoci\u00f3 del reciclatge:<\/strong> Els envasos dissenyats per ser reutilitzables faciliten la integraci\u00f3 en models d\u2019economia circular. SUCITESA utilitza materials compatibles amb sistemes de reciclatge, com envasos amb el distintiu Punt Verd i cartr\u00f3 certificat FSC, promovent una gesti\u00f3 responsable dels residus.<\/p>\n\n\n\n<p><strong>Menor petjada de carboni:<\/strong> Els envasos sostenibles, al ser m\u00e9s compactes, requereixen menys espai durant el transport, cosa que redueix les emissions de CO\u2082 associades a la log\u00edstica. A m\u00e9s, els processos de fabricaci\u00f3 optimitzats consumeixen menys energia, minimitzant l\u2019impacte ambiental.<\/p>\n\n\n\n<p><strong>F\u00e0cil manipulaci\u00f3 i seguretat:<\/strong> El disseny sostenible tamb\u00e9 considera aspectes funcionals. Envasos m\u00e9s lleugers i ergon\u00f2mics no nom\u00e9s faciliten el seu maneig, sin\u00f3 que tamb\u00e9 redueixen els riscos laborals associats al transport i \u00fas del producte.<\/p>\n\n\n\n<p><strong>Disminuci\u00f3 de residus en abocadors:<\/strong> Al ser reutilitzables i f\u00e0cilment reciclables, els envasos dissenyats sota un enfocament sostenible redueixen l\u2019acumulaci\u00f3 de residus s\u00f2lids en abocadors, contribuint a la protecci\u00f3 dels ecosistemes.<\/p>\n\n\n\n<p><\/p>\n\n\n\n<hr class=\"wp-block-separator has-alpha-channel-opacity\"\/>\n\n\n\n<ol start=\"16\" class=\"wp-block-list\">\n<li><strong>16. Com pot una empresa netejar de manera sostenible m\u00e9s enll\u00e0 de les certificacions?<\/strong><\/li>\n<\/ol>\n\n\n\n<p>Pot fer servir productes fabricats sota estrictes criteris de sostenibilitat, siguin ECOLABEL o no. \u00c9s clau adoptar l\u2019\u00fas de productes concentrats i sistemes que permetin la seva correcta i justa dosificaci\u00f3 en funci\u00f3 de la necessitat concreta de neteja. A SUCITESA, combinem solucions sostenibles amb formaci\u00f3 i assessorament per garantir pr\u00e0ctiques responsables en tots els nivells.<\/p>\n\n\n\n<p>En la neteja professional, \u00e9s clau enfocar-se en m\u00e8todes que proporcionin els m\u00e0xims resultats d\u2019higiene amb el menor consum possible de productes qu\u00edmics, i aix\u00f2 nom\u00e9s s\u2019aconsegueix mitjan\u00e7ant productes desenvolupats amb l\u2019ecodisseny com a enfocament principal.<\/p>\n\n\n\n<p><\/p>\n\n\n\n<hr class=\"wp-block-separator has-alpha-channel-opacity\"\/>\n\n\n\n<ol start=\"17\" class=\"wp-block-list\">\n<li><strong>17. Qu\u00e8 fa \u00fanic SUCITESA en el sector de neteja professional sostenible?<\/strong><\/li>\n<\/ol>\n\n\n\n<p>A SUCITESA ens sentim \u00fanics en sostenibilitat perqu\u00e8 combinem innovaci\u00f3, responsabilitat ambiental i comprom\u00eds \u00e8tic en tot el que fem. Comptem amb certificacions internacionals com ISO 14001, ISO 9001 i ECOLABEL, que avalen els nostres alts est\u00e0ndards de qualitat i el nostre comprom\u00eds amb el medi ambient. Dissenyem solucions com EASYMIX, SINGLE DOSE i NATURSAFE, que ens permeten reduir l\u2019\u00fas de pl\u00e0stics, optimitzar recursos i minimitzar la nostra petjada de carboni, mentre promovem l\u2019economia circular a trav\u00e9s d\u2019envasos reciclables i biodegradables. Integram pr\u00e0ctiques d\u2019ecodisseny en cada producte i apostem per sistemes concentrats que ofereixen resultats efectius amb un menor impacte ambiental. A m\u00e9s, treballem amb transpar\u00e8ncia i proporcionem formaci\u00f3 i assessorament continu per tal que els nostres clients puguin adoptar pr\u00e0ctiques m\u00e9s responsables. El nostre objectiu \u00e9s clar: transformar la neteja professional en una eina per cuidar el planeta i demostrar que la sostenibilitat i l\u2019efic\u00e0cia van de la m\u00e0. Junts, constru\u00efm un futur m\u00e9s net.<\/p>\n\n\n\n<p><\/p>\n\n\n\n<hr class=\"wp-block-separator has-alpha-channel-opacity\"\/>\n\n\n\n<p><\/p>\n\n\n\n<p><\/p>\n\n\n\n<p>Esperem que aquestes preguntes freq\u00fcents hagin resolt els teus dubtes i t\u2019hagin acostat una mica m\u00e9s a la nostra visi\u00f3 de sostenibilitat en la neteja professional. A SUCITESA, creiem que cada decisi\u00f3, per petita que sigui, t\u00e9 un impacte en el nostre planeta.<\/p>\n\n\n\n<p>Si tens m\u00e9s preguntes o necessites assessorament personalitzat, no dubtis a contactar-nos. Estem aqu\u00ed per ajudar-te a marcar la difer\u00e8ncia!<\/p>\n\n\n\n<p><\/p>\n\n\n\n<p><\/p>\n","protected":false},"excerpt":{"rendered":"<p>Certeses davant del greenwashing. El &#8220;greenwashing&#8221; o ecopostureig \u00e9s una pr\u00e0ctica en qu\u00e8 algunes empreses fan afirmacions enganyoses sobre la sostenibilitat dels seus productes per atraure consumidors preocupats pel medi ambient. Per combatre aquesta desinformaci\u00f3, \u00e9s fonamental educar els clients i proporcionar-los eines per identificar productes realment sostenibles.Hem recopilat les preguntes m\u00e9s freq\u00fcents sobre sostenibilitat [&hellip;]<\/p>\n","protected":false},"author":643,"featured_media":1249315,"parent":0,"menu_order":0,"comment_status":"closed","ping_status":"closed","template":"","meta":{"_acf_changed":false,"_editorskit_title_hidden":false,"_editorskit_reading_time":0,"_editorskit_is_block_options_detached":false,"_editorskit_block_options_position":"{}","footnotes":""},"class_list":["post-1250071","page","type-page","status-publish","has-post-thumbnail","hentry"],"acf":[],"_links":{"self":[{"href":"https:\/\/www.sucitesa.com\/ca\/wp-json\/wp\/v2\/pages\/1250071","targetHints":{"allow":["GET"]}}],"collection":[{"href":"https:\/\/www.sucitesa.com\/ca\/wp-json\/wp\/v2\/pages"}],"about":[{"href":"https:\/\/www.sucitesa.com\/ca\/wp-json\/wp\/v2\/types\/page"}],"author":[{"embeddable":true,"href":"https:\/\/www.sucitesa.com\/ca\/wp-json\/wp\/v2\/users\/643"}],"replies":[{"embeddable":true,"href":"https:\/\/www.sucitesa.com\/ca\/wp-json\/wp\/v2\/comments?post=1250071"}],"version-history":[{"count":2,"href":"https:\/\/www.sucitesa.com\/ca\/wp-json\/wp\/v2\/pages\/1250071\/revisions"}],"predecessor-version":[{"id":1250073,"href":"https:\/\/www.sucitesa.com\/ca\/wp-json\/wp\/v2\/pages\/1250071\/revisions\/1250073"}],"wp:featuredmedia":[{"embeddable":true,"href":"https:\/\/www.sucitesa.com\/ca\/wp-json\/wp\/v2\/media\/1249315"}],"wp:attachment":[{"href":"https:\/\/www.sucitesa.com\/ca\/wp-json\/wp\/v2\/media?parent=1250071"}],"curies":[{"name":"wp","href":"https:\/\/api.w.org\/{rel}","templated":true}]}}